{"id":1982,"date":"2024-09-12T13:11:07","date_gmt":"2024-09-12T11:11:07","guid":{"rendered":"https:\/\/nasukryt.cz\/budowa-pomieszczen-bezpieczenstwa\/"},"modified":"2025-06-15T22:40:33","modified_gmt":"2025-06-15T20:40:33","slug":"budowa-pomieszczen-bezpieczenstwa","status":"publish","type":"page","link":"https:\/\/nasukryt.cz\/pl\/strona-glowna-2\/budowa-pomieszczen-bezpieczenstwa\/","title":{"rendered":"Budowa pomieszcze\u0144 bezpiecze\u0144stwa"},"content":{"rendered":"\t\t<div data-elementor-type=\"wp-page\" data-elementor-id=\"1982\" class=\"elementor elementor-1982 elementor-709\" data-elementor-post-type=\"page\">\n\t\t\t\t\t\t<section class=\"elementor-section elementor-top-section elementor-element elementor-element-289e9f31 elementor-section-boxed elementor-section-height-default elementor-section-height-default\" data-id=\"289e9f31\" data-element_type=\"section\">\n\t\t\t\t\t\t<div class=\"elementor-container elementor-column-gap-default\">\n\t\t\t\t\t<div class=\"elementor-column elementor-col-100 elementor-top-column elementor-element elementor-element-61b0a464\" data-id=\"61b0a464\" data-element_type=\"column\">\n\t\t\t<div class=\"elementor-widget-wrap elementor-element-populated\">\n\t\t\t\t\t\t<div class=\"elementor-element elementor-element-438b0fce elementor-widget elementor-widget-heading\" data-id=\"438b0fce\" data-element_type=\"widget\" data-widget_type=\"heading.default\">\n\t\t\t\t<div class=\"elementor-widget-container\">\n\t\t\t\t\t<h1 class=\"elementor-heading-title elementor-size-default\">Budowa pomieszcze\u0144 bezpiecze\u0144stwa<\/h1>\t\t\t\t<\/div>\n\t\t\t\t<\/div>\n\t\t\t\t\t<\/div>\n\t\t<\/div>\n\t\t\t\t\t<\/div>\n\t\t<\/section>\n\t\t\t\t<section class=\"elementor-section elementor-top-section elementor-element elementor-element-fa7c8a3 elementor-section-boxed elementor-section-height-default elementor-section-height-default\" data-id=\"fa7c8a3\" data-element_type=\"section\">\n\t\t\t\t\t\t<div class=\"elementor-container elementor-column-gap-default\">\n\t\t\t\t\t<div class=\"elementor-column elementor-col-100 elementor-top-column elementor-element elementor-element-188a4c53\" data-id=\"188a4c53\" data-element_type=\"column\">\n\t\t\t<div class=\"elementor-widget-wrap elementor-element-populated\">\n\t\t\t\t\t\t<div class=\"elementor-element elementor-element-2f660130 elementor-widget elementor-widget-text-editor\" data-id=\"2f660130\" data-element_type=\"widget\" data-widget_type=\"text-editor.default\">\n\t\t\t\t<div class=\"elementor-widget-container\">\n\t\t\t\t\t\t\t\t\t<p data-renderer-start-pos=\"333\">S\u0105 to specjalne pomieszczenia, zwane pokojami paniki, u\u017cywane do przechowywania cennych towar\u00f3w lub skutecznego schronienia ludzi w przypadku jakiegokolwiek zagro\u017cenia fizycznego. Mog\u0105 to by\u0107 napady, ataki terrorystyczne czy nawet porwania. Jest to coraz popularniejsze rozwi\u0105zanie, kt\u00f3re zwi\u0119ksza poczucie bezpiecze\u0144stwa wszystkich domownik\u00f3w.   <\/p><p data-renderer-start-pos=\"639\">Pok\u00f3j paniki to \u015bwietna opcja dla os\u00f3b, kt\u00f3re chc\u0105 zwi\u0119kszy\u0107 bezpiecze\u0144stwo w domu lub w miejscu pracy. Pomieszczenie nie jest przeznaczone do d\u0142ugotrwa\u0142ego pobytu, a jedynie do ukrycia si\u0119 w przypadku potencjalnego zagro\u017cenia. Jego betonowo-\u017celazna konstrukcja zapewnia kuloodporno\u015b\u0107 na poziomie od FB4 do FB 7 Level 4. Pomieszczenie jest standardowo wyposa\u017cone w kuloodporne drzwi antyw\u0142amaniowe z funkcj\u0105 zamka antypanicznego. Wewn\u0105trz pomieszczenia mo\u017cna umie\u015bci\u0107 dodatkowe sejfy, wentylacj\u0119 z filtrem CBRN, zasilanie, telefon, radio, wod\u0119, \u017cywno\u015b\u0107, leki itp. Czas schronienia zale\u017cy od przetwarzania technicznego i poziomu wyposa\u017cenia zastosowanych technologii.      <\/p><p data-renderer-start-pos=\"1273\">Pomieszczenia ochrony mog\u0105 by\u0107 budowane jednocze\u015bnie z budow\u0105 domu lub mog\u0105 by\u0107 budowane dodatkowo w ka\u017cdym budynku.<\/p>\t\t\t\t\t\t\t\t<\/div>\n\t\t\t\t<\/div>\n\t\t\t\t\t<\/div>\n\t\t<\/div>\n\t\t\t\t\t<\/div>\n\t\t<\/section>\n\t\t\t\t<section class=\"elementor-section elementor-top-section elementor-element elementor-element-24988f8d elementor-section-boxed elementor-section-height-default elementor-section-height-default\" data-id=\"24988f8d\" data-element_type=\"section\">\n\t\t\t\t\t\t<div class=\"elementor-container elementor-column-gap-default\">\n\t\t\t\t\t<div class=\"elementor-column elementor-col-50 elementor-top-column elementor-element elementor-element-30b5380\" data-id=\"30b5380\" data-element_type=\"column\">\n\t\t\t<div class=\"elementor-widget-wrap elementor-element-populated\">\n\t\t\t\t\t\t<div class=\"elementor-element elementor-element-2ce6063e elementor-widget elementor-widget-image\" data-id=\"2ce6063e\" data-element_type=\"widget\" data-widget_type=\"image.default\">\n\t\t\t\t<div class=\"elementor-widget-container\">\n\t\t\t\t\t\t\t\t\t\t\t\t\t\t\t<img fetchpriority=\"high\" decoding=\"async\" width=\"575\" height=\"887\" src=\"https:\/\/nasukryt.cz\/wp-content\/uploads\/2024\/09\/Frame-421-1.jpg\" class=\"attachment-large size-large wp-image-1983\" alt=\"Frame 42(1) (1)\" srcset=\"https:\/\/nasukryt.cz\/wp-content\/uploads\/2024\/09\/Frame-421-1.jpg 575w, https:\/\/nasukryt.cz\/wp-content\/uploads\/2024\/09\/Frame-421-1-194x300.jpg 194w\" sizes=\"(max-width: 575px) 100vw, 575px\" \/>\t\t\t\t\t\t\t\t\t\t\t\t\t\t\t<\/div>\n\t\t\t\t<\/div>\n\t\t\t\t\t<\/div>\n\t\t<\/div>\n\t\t\t\t<div class=\"elementor-column elementor-col-50 elementor-top-column elementor-element elementor-element-4665bc05\" data-id=\"4665bc05\" data-element_type=\"column\">\n\t\t\t<div class=\"elementor-widget-wrap elementor-element-populated\">\n\t\t\t\t\t\t<div class=\"elementor-element elementor-element-3613f60 elementor-widget elementor-widget-image\" data-id=\"3613f60\" data-element_type=\"widget\" data-widget_type=\"image.default\">\n\t\t\t\t<div class=\"elementor-widget-container\">\n\t\t\t\t\t\t\t\t\t\t\t\t\t\t\t<img decoding=\"async\" width=\"575\" height=\"428\" src=\"https:\/\/nasukryt.cz\/wp-content\/uploads\/2024\/09\/Frame-45.jpg\" class=\"attachment-large size-large wp-image-1986\" alt=\"Frame 45\" srcset=\"https:\/\/nasukryt.cz\/wp-content\/uploads\/2024\/09\/Frame-45.jpg 575w, https:\/\/nasukryt.cz\/wp-content\/uploads\/2024\/09\/Frame-45-300x223.jpg 300w\" sizes=\"(max-width: 575px) 100vw, 575px\" \/>\t\t\t\t\t\t\t\t\t\t\t\t\t\t\t<\/div>\n\t\t\t\t<\/div>\n\t\t\t\t<div class=\"elementor-element elementor-element-817302c elementor-widget elementor-widget-image\" data-id=\"817302c\" data-element_type=\"widget\" data-widget_type=\"image.default\">\n\t\t\t\t<div class=\"elementor-widget-container\">\n\t\t\t\t\t\t\t\t\t\t\t\t\t\t\t<img decoding=\"async\" width=\"575\" height=\"428\" src=\"https:\/\/nasukryt.cz\/wp-content\/uploads\/2024\/09\/Frame-431.jpg\" class=\"attachment-large size-large wp-image-1985\" alt=\"Frame 43(1)\" srcset=\"https:\/\/nasukryt.cz\/wp-content\/uploads\/2024\/09\/Frame-431.jpg 575w, https:\/\/nasukryt.cz\/wp-content\/uploads\/2024\/09\/Frame-431-300x223.jpg 300w\" sizes=\"(max-width: 575px) 100vw, 575px\" \/>\t\t\t\t\t\t\t\t\t\t\t\t\t\t\t<\/div>\n\t\t\t\t<\/div>\n\t\t\t\t\t<\/div>\n\t\t<\/div>\n\t\t\t\t\t<\/div>\n\t\t<\/section>\n\t\t\t\t<section class=\"elementor-section elementor-top-section elementor-element elementor-element-a36cb5c elementor-section-boxed elementor-section-height-default elementor-section-height-default\" data-id=\"a36cb5c\" data-element_type=\"section\">\n\t\t\t\t\t\t<div class=\"elementor-container elementor-column-gap-default\">\n\t\t\t\t\t<div class=\"elementor-column elementor-col-100 elementor-top-column elementor-element elementor-element-602e315\" data-id=\"602e315\" data-element_type=\"column\">\n\t\t\t<div class=\"elementor-widget-wrap elementor-element-populated\">\n\t\t\t\t\t\t<div class=\"elementor-element elementor-element-5575f87 elementor-widget elementor-widget-image\" data-id=\"5575f87\" data-element_type=\"widget\" data-widget_type=\"image.default\">\n\t\t\t\t<div class=\"elementor-widget-container\">\n\t\t\t\t\t\t\t\t\t\t\t\t\t\t\t<img loading=\"lazy\" decoding=\"async\" width=\"1024\" height=\"511\" src=\"https:\/\/nasukryt.cz\/wp-content\/uploads\/2024\/09\/Frame-441-1024x511.jpg\" class=\"attachment-large size-large wp-image-1984\" alt=\"Frame 44(1)\" srcset=\"https:\/\/nasukryt.cz\/wp-content\/uploads\/2024\/09\/Frame-441-1024x511.jpg 1024w, https:\/\/nasukryt.cz\/wp-content\/uploads\/2024\/09\/Frame-441-300x150.jpg 300w, https:\/\/nasukryt.cz\/wp-content\/uploads\/2024\/09\/Frame-441-768x383.jpg 768w, https:\/\/nasukryt.cz\/wp-content\/uploads\/2024\/09\/Frame-441-600x299.jpg 600w, https:\/\/nasukryt.cz\/wp-content\/uploads\/2024\/09\/Frame-441.jpg 1186w\" sizes=\"(max-width: 1024px) 100vw, 1024px\" \/>\t\t\t\t\t\t\t\t\t\t\t\t\t\t\t<\/div>\n\t\t\t\t<\/div>\n\t\t\t\t\t<\/div>\n\t\t<\/div>\n\t\t\t\t\t<\/div>\n\t\t<\/section>\n\t\t\t\t<section class=\"elementor-section elementor-top-section elementor-element elementor-element-7e74ee1d elementor-section-boxed elementor-section-height-default elementor-section-height-default\" data-id=\"7e74ee1d\" data-element_type=\"section\" id=\"kontakt\">\n\t\t\t\t\t\t<div class=\"elementor-container elementor-column-gap-no\">\n\t\t\t\t\t<div class=\"elementor-column elementor-col-100 elementor-top-column elementor-element elementor-element-56c372e9\" data-id=\"56c372e9\" data-element_type=\"column\">\n\t\t\t<div class=\"elementor-widget-wrap elementor-element-populated\">\n\t\t\t\t\t\t<div class=\"elementor-element elementor-element-6d5be5b7 elementor-widget elementor-widget-heading\" data-id=\"6d5be5b7\" data-element_type=\"widget\" data-widget_type=\"heading.default\">\n\t\t\t\t<div class=\"elementor-widget-container\">\n\t\t\t\t\t<h2 class=\"elementor-heading-title elementor-size-default\">Kontakt<\/h2>\t\t\t\t<\/div>\n\t\t\t\t<\/div>\n\t\t\t\t<section class=\"elementor-section elementor-inner-section elementor-element elementor-element-2bc097f0 elementor-section-boxed elementor-section-height-default elementor-section-height-default\" data-id=\"2bc097f0\" data-element_type=\"section\">\n\t\t\t\t\t\t<div class=\"elementor-container elementor-column-gap-default\">\n\t\t\t\t\t<div class=\"elementor-column elementor-col-50 elementor-inner-column elementor-element elementor-element-2f5b27c0\" data-id=\"2f5b27c0\" data-element_type=\"column\">\n\t\t\t<div class=\"elementor-widget-wrap elementor-element-populated\">\n\t\t\t\t\t\t<div class=\"elementor-element elementor-element-f949ff0 elementor-widget elementor-widget-heading\" data-id=\"f949ff0\" data-element_type=\"widget\" data-widget_type=\"heading.default\">\n\t\t\t\t<div class=\"elementor-widget-container\">\n\t\t\t\t\t<h4 class=\"elementor-heading-title elementor-size-default\">Nie wahaj si\u0119 skontaktowa\u0107 z nami w dowolnym momencie, z przyjemno\u015bci\u0105 odpowiemy na Twoje pytania<\/h4>\t\t\t\t<\/div>\n\t\t\t\t<\/div>\n\t\t\t\t<div class=\"elementor-element elementor-element-24c8bb09 elementor-icon-list--layout-traditional elementor-list-item-link-full_width elementor-widget elementor-widget-icon-list\" data-id=\"24c8bb09\" data-element_type=\"widget\" id=\"kontakt-box\" data-widget_type=\"icon-list.default\">\n\t\t\t\t<div class=\"elementor-widget-container\">\n\t\t\t\t\t\t\t<ul class=\"elementor-icon-list-items\">\n\t\t\t\t\t\t\t<li class=\"elementor-icon-list-item\">\n\t\t\t\t\t\t\t\t\t\t<span class=\"elementor-icon-list-text\"><b>Formic construction s.r.o.<\/b><\/span>\n\t\t\t\t\t\t\t\t\t<\/li>\n\t\t\t\t\t\t\t\t<li class=\"elementor-icon-list-item\">\n\t\t\t\t\t\t\t\t\t\t<span class=\"elementor-icon-list-text\">Na Zl\u00edchov\u011b 18<\/span>\n\t\t\t\t\t\t\t\t\t<\/li>\n\t\t\t\t\t\t\t\t<li class=\"elementor-icon-list-item\">\n\t\t\t\t\t\t\t\t\t\t<span class=\"elementor-icon-list-text\">Praga 5, 152 00<\/span>\n\t\t\t\t\t\t\t\t\t<\/li>\n\t\t\t\t\t\t\t\t<li class=\"elementor-icon-list-item\">\n\t\t\t\t\t\t\t\t\t\t<span class=\"elementor-icon-list-text\">Republika Czeska<\/span>\n\t\t\t\t\t\t\t\t\t<\/li>\n\t\t\t\t\t\t\t\t<li class=\"elementor-icon-list-item\">\n\t\t\t\t\t\t\t\t\t\t\t<a href=\"tel:+420734548603\">\n\n\t\t\t\t\t\t\t\t\t\t\t\t<span class=\"elementor-icon-list-icon\">\n\t\t\t\t\t\t\t<i aria-hidden=\"true\" class=\"fas fa-phone\"><\/i>\t\t\t\t\t\t<\/span>\n\t\t\t\t\t\t\t\t\t\t<span class=\"elementor-icon-list-text\">+420 734 548 603<\/span>\n\t\t\t\t\t\t\t\t\t\t\t<\/a>\n\t\t\t\t\t\t\t\t\t<\/li>\n\t\t\t\t\t\t\t\t<li class=\"elementor-icon-list-item\">\n\t\t\t\t\t\t\t\t\t\t\t<a href=\"http:\/\/kryty@formic.cz\">\n\n\t\t\t\t\t\t\t\t\t\t\t\t<span class=\"elementor-icon-list-icon\">\n\t\t\t\t\t\t\t<i aria-hidden=\"true\" class=\"fas fa-envelope\"><\/i>\t\t\t\t\t\t<\/span>\n\t\t\t\t\t\t\t\t\t\t<span class=\"elementor-icon-list-text\">kryty@formic.cz<\/span>\n\t\t\t\t\t\t\t\t\t\t\t<\/a>\n\t\t\t\t\t\t\t\t\t<\/li>\n\t\t\t\t\t\t<\/ul>\n\t\t\t\t\t\t<\/div>\n\t\t\t\t<\/div>\n\t\t\t\t\t<\/div>\n\t\t<\/div>\n\t\t\t\t<div class=\"elementor-column elementor-col-50 elementor-inner-column elementor-element elementor-element-2f0f723b\" data-id=\"2f0f723b\" data-element_type=\"column\">\n\t\t\t<div class=\"elementor-widget-wrap elementor-element-populated\">\n\t\t\t\t\t\t<div class=\"elementor-element elementor-element-3f877c3 elementor-widget elementor-widget-shortcode\" data-id=\"3f877c3\" data-element_type=\"widget\" data-widget_type=\"shortcode.default\">\n\t\t\t\t<div class=\"elementor-widget-container\">\n\t\t\t\t\t\t\t<div class=\"elementor-shortcode\">\n<div class=\"wpcf7 no-js\" id=\"wpcf7-f2074-o1\" lang=\"pl-PL\" dir=\"ltr\" data-wpcf7-id=\"2074\">\n<div class=\"screen-reader-response\"><p role=\"status\" aria-live=\"polite\" aria-atomic=\"true\"><\/p> <ul><\/ul><\/div>\n<form action=\"\/pl\/wp-json\/wp\/v2\/pages\/1982#wpcf7-f2074-o1\" method=\"post\" class=\"wpcf7-form init\" aria-label=\"Formularz kontaktowy\" novalidate=\"novalidate\" data-status=\"init\">\n<div style=\"display: none;\">\n<input type=\"hidden\" name=\"_wpcf7\" value=\"2074\" \/>\n<input type=\"hidden\" name=\"_wpcf7_version\" value=\"6.0.6\" \/>\n<input type=\"hidden\" name=\"_wpcf7_locale\" value=\"pl_PL\" \/>\n<input type=\"hidden\" name=\"_wpcf7_unit_tag\" value=\"wpcf7-f2074-o1\" \/>\n<input type=\"hidden\" name=\"_wpcf7_container_post\" value=\"0\" \/>\n<input type=\"hidden\" name=\"_wpcf7_posted_data_hash\" value=\"\" \/>\n<\/div>\n<p><label> {Twoje imi\u0119 i nazwisko}<br \/>\n<span class=\"wpcf7-form-control-wrap\" data-name=\"your-name\"><input size=\"40\" maxlength=\"400\" class=\"wpcf7-form-control wpcf7-text wpcf7-validates-as-required\" autocomplete=\"name\" aria-required=\"true\" aria-invalid=\"false\" value=\"\" type=\"text\" name=\"your-name\" \/><\/span> <\/label>\n<\/p>\n<p><label> {Tw\u00f3j e-mail}<br \/>\n<span class=\"wpcf7-form-control-wrap\" data-name=\"your-email\"><input size=\"40\" maxlength=\"400\" class=\"wpcf7-form-control wpcf7-email wpcf7-validates-as-required wpcf7-text wpcf7-validates-as-email\" autocomplete=\"email\" aria-required=\"true\" aria-invalid=\"false\" value=\"\" type=\"email\" name=\"your-email\" \/><\/span> <\/label>\n<\/p>\n<p><label> {Twoja wiadomo\u015b\u0107}<br \/>\n<span class=\"wpcf7-form-control-wrap\" data-name=\"your-message\"><textarea cols=\"40\" rows=\"3\" maxlength=\"2000\" class=\"wpcf7-form-control wpcf7-textarea wpcf7-validates-as-required\" aria-required=\"true\" aria-invalid=\"false\" name=\"your-message\"><\/textarea><\/span> <\/label>\n<\/p>\n<p><input class=\"wpcf7-form-control wpcf7-submit has-spinner\" type=\"submit\" value=\"{Odeslat}\" \/>\n<\/p><div class=\"wpcf7-response-output\" aria-hidden=\"true\"><\/div>\n<\/form>\n<\/div>\n<\/div>\n\t\t\t\t\t\t<\/div>\n\t\t\t\t<\/div>\n\t\t\t\t\t<\/div>\n\t\t<\/div>\n\t\t\t\t\t<\/div>\n\t\t<\/section>\n\t\t\t\t\t<\/div>\n\t\t<\/div>\n\t\t\t\t\t<\/div>\n\t\t<\/section>\n\t\t\t\t<\/div>\n\t\t","protected":false},"excerpt":{"rendered":"<p>Budowa pomieszcze\u0144 bezpiecze\u0144stwa S\u0105 to specjalne pomieszczenia, zwane pokojami paniki, u\u017cywane do przechowywania cennych towar\u00f3w lub skutecznego schronienia ludzi w przypadku jakiegokolwiek zagro\u017cenia fizycznego. Mog\u0105 to by\u0107 napady, ataki terrorystyczne czy nawet porwania. Jest to coraz popularniejsze rozwi\u0105zanie, kt\u00f3re zwi\u0119ksza poczucie bezpiecze\u0144stwa wszystkich domownik\u00f3w. Pok\u00f3j paniki to \u015bwietna opcja dla os\u00f3b, kt\u00f3re chc\u0105 zwi\u0119kszy\u0107 bezpiecze\u0144stwo [&hellip;]<\/p>\n","protected":false},"author":1,"featured_media":0,"parent":2006,"menu_order":0,"comment_status":"closed","ping_status":"closed","template":"","meta":{"inline_featured_image":false,"slim_seo":{"title":"Budowa pomieszcze\u0144 bezpiecze\u0144stwa - N\u00e1\u0161 \u00fakryt","description":"Budowa pomieszcze\u0144 bezpiecze\u0144stwa S\u0105 to specjalne pomieszczenia, zwane pokojami paniki, u\u017cywane do przechowywania cennych towar\u00f3w lub skutecznego schronienia lu"},"footnotes":""},"class_list":["post-1982","page","type-page","status-publish","hentry"],"_links":{"self":[{"href":"https:\/\/nasukryt.cz\/pl\/wp-json\/wp\/v2\/pages\/1982","targetHints":{"allow":["GET"]}}],"collection":[{"href":"https:\/\/nasukryt.cz\/pl\/wp-json\/wp\/v2\/pages"}],"about":[{"href":"https:\/\/nasukryt.cz\/pl\/wp-json\/wp\/v2\/types\/page"}],"author":[{"embeddable":true,"href":"https:\/\/nasukryt.cz\/pl\/wp-json\/wp\/v2\/users\/1"}],"replies":[{"embeddable":true,"href":"https:\/\/nasukryt.cz\/pl\/wp-json\/wp\/v2\/comments?post=1982"}],"version-history":[{"count":1,"href":"https:\/\/nasukryt.cz\/pl\/wp-json\/wp\/v2\/pages\/1982\/revisions"}],"predecessor-version":[{"id":1987,"href":"https:\/\/nasukryt.cz\/pl\/wp-json\/wp\/v2\/pages\/1982\/revisions\/1987"}],"up":[{"embeddable":true,"href":"https:\/\/nasukryt.cz\/pl\/wp-json\/wp\/v2\/pages\/2006"}],"wp:attachment":[{"href":"https:\/\/nasukryt.cz\/pl\/wp-json\/wp\/v2\/media?parent=1982"}],"curies":[{"name":"wp","href":"https:\/\/api.w.org\/{rel}","templated":true}]}}