{"id":1934,"date":"2024-09-12T12:24:22","date_gmt":"2024-09-12T10:24:22","guid":{"rendered":"https:\/\/nasukryt.cz\/modyfikacje-budynkow-mieszkalnych\/"},"modified":"2025-06-15T22:40:33","modified_gmt":"2025-06-15T20:40:33","slug":"modyfikacje-budynkow-mieszkalnych","status":"publish","type":"page","link":"https:\/\/nasukryt.cz\/pl\/strona-glowna-2\/modyfikacje-budynkow-mieszkalnych\/","title":{"rendered":"Modyfikacje budynk\u00f3w mieszkalnych"},"content":{"rendered":"\t\t<div data-elementor-type=\"wp-page\" data-elementor-id=\"1934\" class=\"elementor elementor-1934 elementor-690\" data-elementor-post-type=\"page\">\n\t\t\t\t\t\t<section class=\"elementor-section elementor-top-section elementor-element elementor-element-2adc6ca1 elementor-section-boxed elementor-section-height-default elementor-section-height-default\" data-id=\"2adc6ca1\" data-element_type=\"section\">\n\t\t\t\t\t\t<div class=\"elementor-container elementor-column-gap-default\">\n\t\t\t\t\t<div class=\"elementor-column elementor-col-100 elementor-top-column elementor-element elementor-element-387bb006\" data-id=\"387bb006\" data-element_type=\"column\">\n\t\t\t<div class=\"elementor-widget-wrap elementor-element-populated\">\n\t\t\t\t\t\t<div class=\"elementor-element elementor-element-5d40dc9b elementor-widget elementor-widget-heading\" data-id=\"5d40dc9b\" data-element_type=\"widget\" data-widget_type=\"heading.default\">\n\t\t\t\t<div class=\"elementor-widget-container\">\n\t\t\t\t\t<h1 class=\"elementor-heading-title elementor-size-default\">Modyfikacje budynk\u00f3w mieszkalnych<\/h1>\t\t\t\t<\/div>\n\t\t\t\t<\/div>\n\t\t\t\t\t<\/div>\n\t\t<\/div>\n\t\t\t\t\t<\/div>\n\t\t<\/section>\n\t\t\t\t<section class=\"elementor-section elementor-top-section elementor-element elementor-element-537707e1 elementor-section-boxed elementor-section-height-default elementor-section-height-default\" data-id=\"537707e1\" data-element_type=\"section\">\n\t\t\t\t\t\t<div class=\"elementor-container elementor-column-gap-default\">\n\t\t\t\t\t<div class=\"elementor-column elementor-col-100 elementor-top-column elementor-element elementor-element-1f5f109f\" data-id=\"1f5f109f\" data-element_type=\"column\">\n\t\t\t<div class=\"elementor-widget-wrap elementor-element-populated\">\n\t\t\t\t\t\t<div class=\"elementor-element elementor-element-5181b7ea elementor-widget elementor-widget-text-editor\" data-id=\"5181b7ea\" data-element_type=\"widget\" data-widget_type=\"text-editor.default\">\n\t\t\t\t<div class=\"elementor-widget-container\">\n\t\t\t\t\t\t\t\t\t<p data-renderer-start-pos=\"294\">W budynku mieszkalnym, kt\u00f3ry posiada podziemny parking, zorganizujemy miejsca do natychmiastowego schronienia wszystkich mieszka\u0144c\u00f3w. Z parkingu podziemnego utworzymy schron obrony cywilnej zgodnie z \u010cSN739010. Dostarczymy bezpieczne drzwi przeciwci\u015bnieniowe przy wej\u015bciu do pojazdu, zainstalujemy r\u00f3wnie\u017c bezpieczne drzwi przeciwci\u015bnieniowe na klatce schodowej lub w windzie i wyposa\u017cymy pomieszczenia w system wentylacji z filtrem CBRN dla odpowiedniej liczby os\u00f3b.  <\/p><p data-renderer-start-pos=\"677\">Teren parkingu mo\u017ce by\u0107 wykorzystywany przez ca\u0142y rok, a w przypadku sytuacji kryzysowej w ci\u0105gu kilku minut zostanie przekszta\u0142cony w schron obrony cywilnej. Idealne wdro\u017cenie takiego zabezpieczenia ma miejsce podczas budowy nowego domu, ale nie ma problemu z wdro\u017ceniem go w istniej\u0105cych budynkach. <\/p>\t\t\t\t\t\t\t\t<\/div>\n\t\t\t\t<\/div>\n\t\t\t\t\t<\/div>\n\t\t<\/div>\n\t\t\t\t\t<\/div>\n\t\t<\/section>\n\t\t\t\t<section class=\"elementor-section elementor-top-section elementor-element elementor-element-671313a2 elementor-section-boxed elementor-section-height-default elementor-section-height-default\" data-id=\"671313a2\" data-element_type=\"section\">\n\t\t\t\t\t\t<div class=\"elementor-container elementor-column-gap-default\">\n\t\t\t\t\t<div class=\"elementor-column elementor-col-50 elementor-top-column elementor-element elementor-element-50c08c03\" data-id=\"50c08c03\" data-element_type=\"column\">\n\t\t\t<div class=\"elementor-widget-wrap elementor-element-populated\">\n\t\t\t\t\t\t<div class=\"elementor-element elementor-element-4d6a64d5 elementor-widget elementor-widget-image\" data-id=\"4d6a64d5\" data-element_type=\"widget\" data-widget_type=\"image.default\">\n\t\t\t\t<div class=\"elementor-widget-container\">\n\t\t\t\t\t\t\t\t\t\t\t\t\t\t\t<img fetchpriority=\"high\" decoding=\"async\" width=\"1024\" height=\"682\" src=\"https:\/\/nasukryt.cz\/wp-content\/uploads\/2024\/09\/3-2-1024x682.jpg\" class=\"attachment-large size-large wp-image-1936\" alt=\"3 (2)\" srcset=\"https:\/\/nasukryt.cz\/wp-content\/uploads\/2024\/09\/3-2-1024x682.jpg 1024w, https:\/\/nasukryt.cz\/wp-content\/uploads\/2024\/09\/3-2-300x200.jpg 300w, https:\/\/nasukryt.cz\/wp-content\/uploads\/2024\/09\/3-2-768x512.jpg 768w, https:\/\/nasukryt.cz\/wp-content\/uploads\/2024\/09\/3-2-600x400.jpg 600w, https:\/\/nasukryt.cz\/wp-content\/uploads\/2024\/09\/3-2.jpg 1313w\" sizes=\"(max-width: 1024px) 100vw, 1024px\" \/>\t\t\t\t\t\t\t\t\t\t\t\t\t\t\t<\/div>\n\t\t\t\t<\/div>\n\t\t\t\t\t<\/div>\n\t\t<\/div>\n\t\t\t\t<div class=\"elementor-column elementor-col-50 elementor-top-column elementor-element elementor-element-74f88e10\" data-id=\"74f88e10\" data-element_type=\"column\">\n\t\t\t<div class=\"elementor-widget-wrap elementor-element-populated\">\n\t\t\t\t\t\t<div class=\"elementor-element elementor-element-a91dcbf elementor-widget elementor-widget-image\" data-id=\"a91dcbf\" data-element_type=\"widget\" data-widget_type=\"image.default\">\n\t\t\t\t<div class=\"elementor-widget-container\">\n\t\t\t\t\t\t\t\t\t\t\t\t\t\t\t<img decoding=\"async\" width=\"966\" height=\"645\" src=\"https:\/\/nasukryt.cz\/wp-content\/uploads\/2024\/09\/2-1.jpg\" class=\"attachment-large size-large wp-image-1935\" alt=\"2 (1)\" srcset=\"https:\/\/nasukryt.cz\/wp-content\/uploads\/2024\/09\/2-1.jpg 966w, https:\/\/nasukryt.cz\/wp-content\/uploads\/2024\/09\/2-1-300x200.jpg 300w, https:\/\/nasukryt.cz\/wp-content\/uploads\/2024\/09\/2-1-768x513.jpg 768w, https:\/\/nasukryt.cz\/wp-content\/uploads\/2024\/09\/2-1-600x401.jpg 600w\" sizes=\"(max-width: 966px) 100vw, 966px\" \/>\t\t\t\t\t\t\t\t\t\t\t\t\t\t\t<\/div>\n\t\t\t\t<\/div>\n\t\t\t\t\t<\/div>\n\t\t<\/div>\n\t\t\t\t\t<\/div>\n\t\t<\/section>\n\t\t\t\t<section class=\"elementor-section elementor-top-section elementor-element elementor-element-f82f95f elementor-section-boxed elementor-section-height-default elementor-section-height-default\" data-id=\"f82f95f\" data-element_type=\"section\">\n\t\t\t\t\t\t<div class=\"elementor-container elementor-column-gap-default\">\n\t\t\t\t\t<div class=\"elementor-column elementor-col-100 elementor-top-column elementor-element elementor-element-5483a14\" data-id=\"5483a14\" data-element_type=\"column\">\n\t\t\t<div class=\"elementor-widget-wrap elementor-element-populated\">\n\t\t\t\t\t\t<div class=\"elementor-element elementor-element-0cef7c3 elementor-widget elementor-widget-image\" data-id=\"0cef7c3\" data-element_type=\"widget\" data-widget_type=\"image.default\">\n\t\t\t\t<div class=\"elementor-widget-container\">\n\t\t\t\t\t\t\t\t\t\t\t\t\t\t\t<img decoding=\"async\" width=\"1186\" height=\"592\" src=\"https:\/\/nasukryt.cz\/wp-content\/uploads\/2024\/09\/Frame-44.jpg\" class=\"attachment-full size-full wp-image-1937\" alt=\"Frame 44\" srcset=\"https:\/\/nasukryt.cz\/wp-content\/uploads\/2024\/09\/Frame-44.jpg 1186w, https:\/\/nasukryt.cz\/wp-content\/uploads\/2024\/09\/Frame-44-300x150.jpg 300w, https:\/\/nasukryt.cz\/wp-content\/uploads\/2024\/09\/Frame-44-1024x511.jpg 1024w, https:\/\/nasukryt.cz\/wp-content\/uploads\/2024\/09\/Frame-44-768x383.jpg 768w, https:\/\/nasukryt.cz\/wp-content\/uploads\/2024\/09\/Frame-44-600x299.jpg 600w\" sizes=\"(max-width: 1186px) 100vw, 1186px\" \/>\t\t\t\t\t\t\t\t\t\t\t\t\t\t\t<\/div>\n\t\t\t\t<\/div>\n\t\t\t\t\t<\/div>\n\t\t<\/div>\n\t\t\t\t\t<\/div>\n\t\t<\/section>\n\t\t\t\t<section class=\"elementor-section elementor-top-section elementor-element elementor-element-479db258 elementor-section-boxed elementor-section-height-default elementor-section-height-default\" data-id=\"479db258\" data-element_type=\"section\" id=\"kontakt\">\n\t\t\t\t\t\t<div class=\"elementor-container elementor-column-gap-no\">\n\t\t\t\t\t<div class=\"elementor-column elementor-col-100 elementor-top-column elementor-element elementor-element-7af45d38\" data-id=\"7af45d38\" data-element_type=\"column\">\n\t\t\t<div class=\"elementor-widget-wrap elementor-element-populated\">\n\t\t\t\t\t\t<div class=\"elementor-element elementor-element-47218f03 elementor-widget elementor-widget-heading\" data-id=\"47218f03\" data-element_type=\"widget\" data-widget_type=\"heading.default\">\n\t\t\t\t<div class=\"elementor-widget-container\">\n\t\t\t\t\t<h2 class=\"elementor-heading-title elementor-size-default\">Kontakt<\/h2>\t\t\t\t<\/div>\n\t\t\t\t<\/div>\n\t\t\t\t<section class=\"elementor-section elementor-inner-section elementor-element elementor-element-92729eb elementor-section-boxed elementor-section-height-default elementor-section-height-default\" data-id=\"92729eb\" data-element_type=\"section\">\n\t\t\t\t\t\t<div class=\"elementor-container elementor-column-gap-default\">\n\t\t\t\t\t<div class=\"elementor-column elementor-col-50 elementor-inner-column elementor-element elementor-element-5e61272c\" data-id=\"5e61272c\" data-element_type=\"column\">\n\t\t\t<div class=\"elementor-widget-wrap elementor-element-populated\">\n\t\t\t\t\t\t<div class=\"elementor-element elementor-element-74886a59 elementor-widget elementor-widget-heading\" data-id=\"74886a59\" data-element_type=\"widget\" data-widget_type=\"heading.default\">\n\t\t\t\t<div class=\"elementor-widget-container\">\n\t\t\t\t\t<h4 class=\"elementor-heading-title elementor-size-default\">Nie wahaj si\u0119 skontaktowa\u0107 z nami w dowolnym momencie, z przyjemno\u015bci\u0105 odpowiemy na Twoje pytania<\/h4>\t\t\t\t<\/div>\n\t\t\t\t<\/div>\n\t\t\t\t<div class=\"elementor-element elementor-element-5740a9b8 elementor-icon-list--layout-traditional elementor-list-item-link-full_width elementor-widget elementor-widget-icon-list\" data-id=\"5740a9b8\" data-element_type=\"widget\" id=\"kontakt-box\" data-widget_type=\"icon-list.default\">\n\t\t\t\t<div class=\"elementor-widget-container\">\n\t\t\t\t\t\t\t<ul class=\"elementor-icon-list-items\">\n\t\t\t\t\t\t\t<li class=\"elementor-icon-list-item\">\n\t\t\t\t\t\t\t\t\t\t<span class=\"elementor-icon-list-text\"><b>Formic construction s.r.o.<\/b><\/span>\n\t\t\t\t\t\t\t\t\t<\/li>\n\t\t\t\t\t\t\t\t<li class=\"elementor-icon-list-item\">\n\t\t\t\t\t\t\t\t\t\t<span class=\"elementor-icon-list-text\">Na Zl\u00edchov\u011b 18<\/span>\n\t\t\t\t\t\t\t\t\t<\/li>\n\t\t\t\t\t\t\t\t<li class=\"elementor-icon-list-item\">\n\t\t\t\t\t\t\t\t\t\t<span class=\"elementor-icon-list-text\">Praga 5, 152 00<\/span>\n\t\t\t\t\t\t\t\t\t<\/li>\n\t\t\t\t\t\t\t\t<li class=\"elementor-icon-list-item\">\n\t\t\t\t\t\t\t\t\t\t<span class=\"elementor-icon-list-text\">Republika Czeska<\/span>\n\t\t\t\t\t\t\t\t\t<\/li>\n\t\t\t\t\t\t\t\t<li class=\"elementor-icon-list-item\">\n\t\t\t\t\t\t\t\t\t\t\t<a href=\"tel:+420734548603\">\n\n\t\t\t\t\t\t\t\t\t\t\t\t<span class=\"elementor-icon-list-icon\">\n\t\t\t\t\t\t\t<i aria-hidden=\"true\" class=\"fas fa-phone\"><\/i>\t\t\t\t\t\t<\/span>\n\t\t\t\t\t\t\t\t\t\t<span class=\"elementor-icon-list-text\">+420 734 548 603<\/span>\n\t\t\t\t\t\t\t\t\t\t\t<\/a>\n\t\t\t\t\t\t\t\t\t<\/li>\n\t\t\t\t\t\t\t\t<li class=\"elementor-icon-list-item\">\n\t\t\t\t\t\t\t\t\t\t\t<a href=\"http:\/\/kryty@formic.cz\">\n\n\t\t\t\t\t\t\t\t\t\t\t\t<span class=\"elementor-icon-list-icon\">\n\t\t\t\t\t\t\t<i aria-hidden=\"true\" class=\"fas fa-envelope\"><\/i>\t\t\t\t\t\t<\/span>\n\t\t\t\t\t\t\t\t\t\t<span class=\"elementor-icon-list-text\">kryty@formic.cz<\/span>\n\t\t\t\t\t\t\t\t\t\t\t<\/a>\n\t\t\t\t\t\t\t\t\t<\/li>\n\t\t\t\t\t\t<\/ul>\n\t\t\t\t\t\t<\/div>\n\t\t\t\t<\/div>\n\t\t\t\t\t<\/div>\n\t\t<\/div>\n\t\t\t\t<div class=\"elementor-column elementor-col-50 elementor-inner-column elementor-element elementor-element-79c09a23\" data-id=\"79c09a23\" data-element_type=\"column\">\n\t\t\t<div class=\"elementor-widget-wrap elementor-element-populated\">\n\t\t\t\t\t\t<div class=\"elementor-element elementor-element-62d78fff elementor-widget elementor-widget-shortcode\" data-id=\"62d78fff\" data-element_type=\"widget\" data-widget_type=\"shortcode.default\">\n\t\t\t\t<div class=\"elementor-widget-container\">\n\t\t\t\t\t\t\t<div class=\"elementor-shortcode\">\n<div class=\"wpcf7 no-js\" id=\"wpcf7-f2074-o1\" lang=\"pl-PL\" dir=\"ltr\" data-wpcf7-id=\"2074\">\n<div class=\"screen-reader-response\"><p role=\"status\" aria-live=\"polite\" aria-atomic=\"true\"><\/p> <ul><\/ul><\/div>\n<form action=\"\/pl\/wp-json\/wp\/v2\/pages\/1934#wpcf7-f2074-o1\" method=\"post\" class=\"wpcf7-form init\" aria-label=\"Formularz kontaktowy\" novalidate=\"novalidate\" data-status=\"init\">\n<div style=\"display: none;\">\n<input type=\"hidden\" name=\"_wpcf7\" value=\"2074\" \/>\n<input type=\"hidden\" name=\"_wpcf7_version\" value=\"6.0.6\" \/>\n<input type=\"hidden\" name=\"_wpcf7_locale\" value=\"pl_PL\" \/>\n<input type=\"hidden\" name=\"_wpcf7_unit_tag\" value=\"wpcf7-f2074-o1\" \/>\n<input type=\"hidden\" name=\"_wpcf7_container_post\" value=\"0\" \/>\n<input type=\"hidden\" name=\"_wpcf7_posted_data_hash\" value=\"\" \/>\n<\/div>\n<p><label> {Twoje imi\u0119 i nazwisko}<br \/>\n<span class=\"wpcf7-form-control-wrap\" data-name=\"your-name\"><input size=\"40\" maxlength=\"400\" class=\"wpcf7-form-control wpcf7-text wpcf7-validates-as-required\" autocomplete=\"name\" aria-required=\"true\" aria-invalid=\"false\" value=\"\" type=\"text\" name=\"your-name\" \/><\/span> <\/label>\n<\/p>\n<p><label> {Tw\u00f3j e-mail}<br \/>\n<span class=\"wpcf7-form-control-wrap\" data-name=\"your-email\"><input size=\"40\" maxlength=\"400\" class=\"wpcf7-form-control wpcf7-email wpcf7-validates-as-required wpcf7-text wpcf7-validates-as-email\" autocomplete=\"email\" aria-required=\"true\" aria-invalid=\"false\" value=\"\" type=\"email\" name=\"your-email\" \/><\/span> <\/label>\n<\/p>\n<p><label> {Twoja wiadomo\u015b\u0107}<br \/>\n<span class=\"wpcf7-form-control-wrap\" data-name=\"your-message\"><textarea cols=\"40\" rows=\"3\" maxlength=\"2000\" class=\"wpcf7-form-control wpcf7-textarea wpcf7-validates-as-required\" aria-required=\"true\" aria-invalid=\"false\" name=\"your-message\"><\/textarea><\/span> <\/label>\n<\/p>\n<p><input class=\"wpcf7-form-control wpcf7-submit has-spinner\" type=\"submit\" value=\"{Odeslat}\" \/>\n<\/p><div class=\"wpcf7-response-output\" aria-hidden=\"true\"><\/div>\n<\/form>\n<\/div>\n<\/div>\n\t\t\t\t\t\t<\/div>\n\t\t\t\t<\/div>\n\t\t\t\t\t<\/div>\n\t\t<\/div>\n\t\t\t\t\t<\/div>\n\t\t<\/section>\n\t\t\t\t\t<\/div>\n\t\t<\/div>\n\t\t\t\t\t<\/div>\n\t\t<\/section>\n\t\t\t\t<\/div>\n\t\t","protected":false},"excerpt":{"rendered":"<p>Modyfikacje budynk\u00f3w mieszkalnych W budynku mieszkalnym, kt\u00f3ry posiada podziemny parking, zorganizujemy miejsca do natychmiastowego schronienia wszystkich mieszka\u0144c\u00f3w. Z parkingu podziemnego utworzymy schron obrony cywilnej zgodnie z \u010cSN739010. Dostarczymy bezpieczne drzwi przeciwci\u015bnieniowe przy wej\u015bciu do pojazdu, zainstalujemy r\u00f3wnie\u017c bezpieczne drzwi przeciwci\u015bnieniowe na klatce schodowej lub w windzie i wyposa\u017cymy pomieszczenia w system wentylacji z filtrem CBRN [&hellip;]<\/p>\n","protected":false},"author":1,"featured_media":0,"parent":2006,"menu_order":0,"comment_status":"closed","ping_status":"closed","template":"","meta":{"inline_featured_image":false,"slim_seo":{"title":"Modyfikacje budynk\u00f3w mieszkalnych - N\u00e1\u0161 \u00fakryt","description":"Modyfikacje budynk\u00f3w mieszkalnych W budynku mieszkalnym, kt\u00f3ry posiada podziemny parking, zorganizujemy miejsca do natychmiastowego schronienia wszystkich miesz"},"footnotes":""},"class_list":["post-1934","page","type-page","status-publish","hentry"],"_links":{"self":[{"href":"https:\/\/nasukryt.cz\/pl\/wp-json\/wp\/v2\/pages\/1934","targetHints":{"allow":["GET"]}}],"collection":[{"href":"https:\/\/nasukryt.cz\/pl\/wp-json\/wp\/v2\/pages"}],"about":[{"href":"https:\/\/nasukryt.cz\/pl\/wp-json\/wp\/v2\/types\/page"}],"author":[{"embeddable":true,"href":"https:\/\/nasukryt.cz\/pl\/wp-json\/wp\/v2\/users\/1"}],"replies":[{"embeddable":true,"href":"https:\/\/nasukryt.cz\/pl\/wp-json\/wp\/v2\/comments?post=1934"}],"version-history":[{"count":1,"href":"https:\/\/nasukryt.cz\/pl\/wp-json\/wp\/v2\/pages\/1934\/revisions"}],"predecessor-version":[{"id":1938,"href":"https:\/\/nasukryt.cz\/pl\/wp-json\/wp\/v2\/pages\/1934\/revisions\/1938"}],"up":[{"embeddable":true,"href":"https:\/\/nasukryt.cz\/pl\/wp-json\/wp\/v2\/pages\/2006"}],"wp:attachment":[{"href":"https:\/\/nasukryt.cz\/pl\/wp-json\/wp\/v2\/media?parent=1934"}],"curies":[{"name":"wp","href":"https:\/\/api.w.org\/{rel}","templated":true}]}}