{"id":2119,"date":"2024-11-14T10:48:22","date_gmt":"2024-11-14T09:48:22","guid":{"rendered":"https:\/\/nasukryt.cz\/startseite\/bau-von-unterkuenften-fuer-neue-entwicklungsprojekte\/"},"modified":"2025-06-15T22:45:43","modified_gmt":"2025-06-15T20:45:43","slug":"bau-von-unterkuenften-fuer-neue-entwicklungsprojekte","status":"publish","type":"page","link":"https:\/\/nasukryt.cz\/de\/startseite\/bau-von-unterkuenften-fuer-neue-entwicklungsprojekte\/","title":{"rendered":"Bau von Unterk\u00fcnften f\u00fcr neue Entwicklungsprojekte"},"content":{"rendered":"\t\t<div data-elementor-type=\"wp-page\" data-elementor-id=\"2119\" class=\"elementor elementor-2119 elementor-1465\" data-elementor-post-type=\"page\">\n\t\t\t\t\t\t<section class=\"elementor-section elementor-top-section elementor-element elementor-element-656be1f9 elementor-section-boxed elementor-section-height-default elementor-section-height-default\" data-id=\"656be1f9\" data-element_type=\"section\">\n\t\t\t\t\t\t<div class=\"elementor-container elementor-column-gap-default\">\n\t\t\t\t\t<div class=\"elementor-column elementor-col-100 elementor-top-column elementor-element elementor-element-5b3dd621\" data-id=\"5b3dd621\" data-element_type=\"column\">\n\t\t\t<div class=\"elementor-widget-wrap elementor-element-populated\">\n\t\t\t\t\t\t<div class=\"elementor-element elementor-element-d15826a elementor-widget elementor-widget-heading\" data-id=\"d15826a\" data-element_type=\"widget\" data-widget_type=\"heading.default\">\n\t\t\t\t<div class=\"elementor-widget-container\">\n\t\t\t\t\t<h1 class=\"elementor-heading-title elementor-size-default\">Bau von Unterk\u00fcnften f\u00fcr neue Entwicklungsprojekte<\/h1>\t\t\t\t<\/div>\n\t\t\t\t<\/div>\n\t\t\t\t\t<\/div>\n\t\t<\/div>\n\t\t\t\t\t<\/div>\n\t\t<\/section>\n\t\t\t\t<section class=\"elementor-section elementor-top-section elementor-element elementor-element-7631dbef elementor-section-boxed elementor-section-height-default elementor-section-height-default\" data-id=\"7631dbef\" data-element_type=\"section\">\n\t\t\t\t\t\t<div class=\"elementor-container elementor-column-gap-default\">\n\t\t\t\t\t<div class=\"elementor-column elementor-col-100 elementor-top-column elementor-element elementor-element-6f8b4a49\" data-id=\"6f8b4a49\" data-element_type=\"column\">\n\t\t\t<div class=\"elementor-widget-wrap elementor-element-populated\">\n\t\t\t\t\t\t<div class=\"elementor-element elementor-element-6aae89bf elementor-widget elementor-widget-text-editor\" data-id=\"6aae89bf\" data-element_type=\"widget\" data-widget_type=\"text-editor.default\">\n\t\t\t\t<div class=\"elementor-widget-container\">\n\t\t\t\t\t\t\t\t\t<p><b>Bau von Atombunkern f\u00fcr neue Projekte &#8211; Entwicklungsprojekte, Wohnh\u00e4user, Schulen, Krankenh\u00e4user, B\u00fcrogeb\u00e4ude und mehr.<\/b><\/p><p>Bau von <b>zivilen At<\/b> <b>ombunkern<\/b> f\u00fcr neue Projekte &#8211; Wohnungen, Schulen, Krankenh\u00e4user, B\u00fcrogeb\u00e4ude und mehr.<\/p><p>In den heutigen unsicheren Zeiten konzentrieren wir uns zunehmend auf den Schutz der Bewohner in neu errichteten Geb\u00e4uden. Wir bieten eine fachkundige Zusammenarbeit beim Bau von <b>zivilen<\/b> <b>Atombunkern<\/b> in <b>Wohnh\u00e4usern<\/b>, <b>Schulen<\/b>, <b>Krankenh\u00e4usern<\/b>, <b>B\u00fcrogeb\u00e4uden<\/b>, <b>Kaufh\u00e4usern, Banken und anderen Gewerbe- und Wohnprojekten<\/b>. Unsere Dienstleistungen umfassen die <b>komplette Realisierung von zivilen Atombunkern<\/b>, einschlie\u00dflich der <b>technischen Ausr\u00fcstung<\/b>, um die Sicherheit der Nutzer der Geb\u00e4ude zu gew\u00e4hrleisten.  <\/p><p>Wir sind auf die Installation von <b>CBRN-Filtern<\/b> (Schutz vor chemischen, biologischen, radiologischen und nuklearen Bedrohungen) und deren Zubeh\u00f6r spezialisiert, einschlie\u00dflich:<\/p><ul><li><b>Druck- und \u00dcberdruckventile<\/b><\/li><li><b>Ansaugstutzen<\/b><\/li><li><b>Interstitielle Gasd\u00e4mpfer<\/b><\/li><\/ul><p>Weitere Bestandteile unseres Angebots sind <b>druckfeste Panzert\u00fcren<\/b> aller Gr\u00f6\u00dfen (von 800 mm bis 6500 mm), einschlie\u00dflich <b>Notluken<\/b> und <b>Druckluken<\/b>, <b>Dekontaminationsr\u00e4ume<\/b>, <b>Messger\u00e4te<\/b> und andere spezielle Technologien.<\/p><p>Wir sind bereit, Ihnen beim Entwurf, der Projektdokumentation gem\u00e4\u00df \u010cSN 739010, der Umsetzung und der technischen Sicherung von <b>zivilen Atombunkern<\/b> zu helfen, die alle Anforderungen an <b>Sicherheit und Schutz<\/b> in modernen Geb\u00e4uden erf\u00fcllen.<\/p><p><a href=\"#contact-us\">Kontaktieren Sie uns<\/a> f\u00fcr weitere Informationen und Beratung.<\/p>\t\t\t\t\t\t\t\t<\/div>\n\t\t\t\t<\/div>\n\t\t\t\t\t<\/div>\n\t\t<\/div>\n\t\t\t\t\t<\/div>\n\t\t<\/section>\n\t\t\t\t<section class=\"elementor-section elementor-top-section elementor-element elementor-element-97a8bcf elementor-section-boxed elementor-section-height-default elementor-section-height-default\" data-id=\"97a8bcf\" data-element_type=\"section\">\n\t\t\t\t\t\t<div class=\"elementor-container elementor-column-gap-default\">\n\t\t\t\t\t<div class=\"elementor-column elementor-col-100 elementor-top-column elementor-element elementor-element-9e0182c\" data-id=\"9e0182c\" data-element_type=\"column\">\n\t\t\t<div class=\"elementor-widget-wrap elementor-element-populated\">\n\t\t\t\t\t\t<div class=\"elementor-element elementor-element-ad07724 elementor-widget elementor-widget-spacer\" data-id=\"ad07724\" data-element_type=\"widget\" data-widget_type=\"spacer.default\">\n\t\t\t\t<div class=\"elementor-widget-container\">\n\t\t\t\t\t\t\t<div class=\"elementor-spacer\">\n\t\t\t<div class=\"elementor-spacer-inner\"><\/div>\n\t\t<\/div>\n\t\t\t\t\t\t<\/div>\n\t\t\t\t<\/div>\n\t\t\t\t\t<\/div>\n\t\t<\/div>\n\t\t\t\t\t<\/div>\n\t\t<\/section>\n\t\t\t\t<section class=\"elementor-section elementor-top-section elementor-element elementor-element-5152885a elementor-section-boxed elementor-section-height-default elementor-section-height-default\" data-id=\"5152885a\" data-element_type=\"section\">\n\t\t\t\t\t\t<div class=\"elementor-container elementor-column-gap-default\">\n\t\t\t\t\t<div class=\"elementor-column elementor-col-50 elementor-top-column elementor-element elementor-element-2a2633b7\" data-id=\"2a2633b7\" data-element_type=\"column\">\n\t\t\t<div class=\"elementor-widget-wrap elementor-element-populated\">\n\t\t\t\t\t\t<div class=\"elementor-element elementor-element-747cac29 elementor-widget elementor-widget-image\" data-id=\"747cac29\" data-element_type=\"widget\" data-widget_type=\"image.default\">\n\t\t\t\t<div class=\"elementor-widget-container\">\n\t\t\t\t\t\t\t\t\t\t\t\t\t\t\t<img fetchpriority=\"high\" decoding=\"async\" width=\"578\" height=\"434\" src=\"https:\/\/nasukryt.cz\/wp-content\/uploads\/2024\/11\/door-1.jpg\" class=\"attachment-large size-large wp-image-2120\" alt=\"Door\" srcset=\"https:\/\/nasukryt.cz\/wp-content\/uploads\/2024\/11\/door-1.jpg 578w, https:\/\/nasukryt.cz\/wp-content\/uploads\/2024\/11\/door-1-300x225.jpg 300w\" sizes=\"(max-width: 578px) 100vw, 578px\" \/>\t\t\t\t\t\t\t\t\t\t\t\t\t\t\t<\/div>\n\t\t\t\t<\/div>\n\t\t\t\t\t<\/div>\n\t\t<\/div>\n\t\t\t\t<div class=\"elementor-column elementor-col-50 elementor-top-column elementor-element elementor-element-1a9c6b3d\" data-id=\"1a9c6b3d\" data-element_type=\"column\">\n\t\t\t<div class=\"elementor-widget-wrap elementor-element-populated\">\n\t\t\t\t\t\t<div class=\"elementor-element elementor-element-70f98f3b elementor-widget elementor-widget-image\" data-id=\"70f98f3b\" data-element_type=\"widget\" data-widget_type=\"image.default\">\n\t\t\t\t<div class=\"elementor-widget-container\">\n\t\t\t\t\t\t\t\t\t\t\t\t\t\t\t<img decoding=\"async\" width=\"711\" height=\"533\" src=\"https:\/\/nasukryt.cz\/wp-content\/uploads\/2024\/09\/filtroventilace.jpg\" class=\"attachment-large size-large wp-image-2206\" alt=\"Filtroventilace\" srcset=\"https:\/\/nasukryt.cz\/wp-content\/uploads\/2024\/09\/filtroventilace.jpg 711w, https:\/\/nasukryt.cz\/wp-content\/uploads\/2024\/09\/filtroventilace-300x225.jpg 300w, https:\/\/nasukryt.cz\/wp-content\/uploads\/2024\/09\/filtroventilace-600x450.jpg 600w\" sizes=\"(max-width: 711px) 100vw, 711px\" \/>\t\t\t\t\t\t\t\t\t\t\t\t\t\t\t<\/div>\n\t\t\t\t<\/div>\n\t\t\t\t\t<\/div>\n\t\t<\/div>\n\t\t\t\t\t<\/div>\n\t\t<\/section>\n\t\t\t\t<section class=\"elementor-section elementor-top-section elementor-element elementor-element-8cf3006 elementor-section-boxed elementor-section-height-default elementor-section-height-default\" data-id=\"8cf3006\" data-element_type=\"section\">\n\t\t\t\t\t\t<div class=\"elementor-container elementor-column-gap-default\">\n\t\t\t\t\t<div class=\"elementor-column elementor-col-100 elementor-top-column elementor-element elementor-element-86c4d26\" data-id=\"86c4d26\" data-element_type=\"column\">\n\t\t\t<div class=\"elementor-widget-wrap elementor-element-populated\">\n\t\t\t\t\t\t<div class=\"elementor-element elementor-element-1d6c06a elementor-widget elementor-widget-image\" data-id=\"1d6c06a\" data-element_type=\"widget\" data-widget_type=\"image.default\">\n\t\t\t\t<div class=\"elementor-widget-container\">\n\t\t\t\t\t\t\t\t\t\t\t\t\t\t\t<img decoding=\"async\" width=\"966\" height=\"645\" src=\"https:\/\/nasukryt.cz\/wp-content\/uploads\/2024\/09\/2-1.jpg\" class=\"attachment-large size-large wp-image-1946\" alt=\"2 (1)\" srcset=\"https:\/\/nasukryt.cz\/wp-content\/uploads\/2024\/09\/2-1.jpg 966w, https:\/\/nasukryt.cz\/wp-content\/uploads\/2024\/09\/2-1-300x200.jpg 300w, https:\/\/nasukryt.cz\/wp-content\/uploads\/2024\/09\/2-1-768x513.jpg 768w, https:\/\/nasukryt.cz\/wp-content\/uploads\/2024\/09\/2-1-600x401.jpg 600w\" sizes=\"(max-width: 966px) 100vw, 966px\" \/>\t\t\t\t\t\t\t\t\t\t\t\t\t\t\t<\/div>\n\t\t\t\t<\/div>\n\t\t\t\t\t<\/div>\n\t\t<\/div>\n\t\t\t\t\t<\/div>\n\t\t<\/section>\n\t\t\t\t<section class=\"elementor-section elementor-top-section elementor-element elementor-element-16e6deb elementor-section-boxed elementor-section-height-default elementor-section-height-default\" data-id=\"16e6deb\" data-element_type=\"section\">\n\t\t\t\t\t\t<div class=\"elementor-container elementor-column-gap-default\">\n\t\t\t\t\t<div class=\"elementor-column elementor-col-100 elementor-top-column elementor-element elementor-element-da37a41\" data-id=\"da37a41\" data-element_type=\"column\">\n\t\t\t<div class=\"elementor-widget-wrap elementor-element-populated\">\n\t\t\t\t\t\t<div class=\"elementor-element elementor-element-cccf731 elementor-widget elementor-widget-html\" data-id=\"cccf731\" data-element_type=\"widget\" data-widget_type=\"html.default\">\n\t\t\t\t<div class=\"elementor-widget-container\">\n\t\t\t\t\t<style>\n    @media (max-width: 769px){\n        h1{\n          \n            font-size: 2.3rem !important;\n        }\n    }\n    @media (max-width: 570px){\n        h1{\n          \n            font-size: 1.3rem !important;\n        }\n    }\n<\/style>\t\t\t\t<\/div>\n\t\t\t\t<\/div>\n\t\t\t\t\t<\/div>\n\t\t<\/div>\n\t\t\t\t\t<\/div>\n\t\t<\/section>\n\t\t\t\t<section class=\"elementor-section elementor-top-section elementor-element elementor-element-5ebe04af elementor-section-boxed elementor-section-height-default elementor-section-height-default\" data-id=\"5ebe04af\" data-element_type=\"section\" id=\"kontakt\">\n\t\t\t\t\t\t<div class=\"elementor-container elementor-column-gap-no\">\n\t\t\t\t\t<div class=\"elementor-column elementor-col-100 elementor-top-column elementor-element elementor-element-353d79d\" data-id=\"353d79d\" data-element_type=\"column\">\n\t\t\t<div class=\"elementor-widget-wrap elementor-element-populated\">\n\t\t\t\t\t\t<div class=\"elementor-element elementor-element-140a4604 elementor-widget elementor-widget-heading\" data-id=\"140a4604\" data-element_type=\"widget\" id=\"contact-us\" data-widget_type=\"heading.default\">\n\t\t\t\t<div class=\"elementor-widget-container\">\n\t\t\t\t\t<h2 class=\"elementor-heading-title elementor-size-default\">Kontakt<\/h2>\t\t\t\t<\/div>\n\t\t\t\t<\/div>\n\t\t\t\t<section class=\"elementor-section elementor-inner-section elementor-element elementor-element-566cda24 elementor-section-boxed elementor-section-height-default elementor-section-height-default\" data-id=\"566cda24\" data-element_type=\"section\">\n\t\t\t\t\t\t<div class=\"elementor-container elementor-column-gap-default\">\n\t\t\t\t\t<div class=\"elementor-column elementor-col-50 elementor-inner-column elementor-element elementor-element-590ab3ae\" data-id=\"590ab3ae\" data-element_type=\"column\">\n\t\t\t<div class=\"elementor-widget-wrap elementor-element-populated\">\n\t\t\t\t\t\t<div class=\"elementor-element elementor-element-4eeb400 elementor-widget elementor-widget-heading\" data-id=\"4eeb400\" data-element_type=\"widget\" data-widget_type=\"heading.default\">\n\t\t\t\t<div class=\"elementor-widget-container\">\n\t\t\t\t\t<h4 class=\"elementor-heading-title elementor-size-default\">Z\u00f6gern Sie nicht, uns jederzeit zu kontaktieren, wir werden Ihre Fragen gerne beantworten.<\/h4>\t\t\t\t<\/div>\n\t\t\t\t<\/div>\n\t\t\t\t<div class=\"elementor-element elementor-element-3b2b419b elementor-icon-list--layout-traditional elementor-list-item-link-full_width elementor-widget elementor-widget-icon-list\" data-id=\"3b2b419b\" data-element_type=\"widget\" id=\"kontakt-box\" data-widget_type=\"icon-list.default\">\n\t\t\t\t<div class=\"elementor-widget-container\">\n\t\t\t\t\t\t\t<ul class=\"elementor-icon-list-items\">\n\t\t\t\t\t\t\t<li class=\"elementor-icon-list-item\">\n\t\t\t\t\t\t\t\t\t\t<span class=\"elementor-icon-list-text\"><b>Formic construction s.r.o.<\/b><\/span>\n\t\t\t\t\t\t\t\t\t<\/li>\n\t\t\t\t\t\t\t\t<li class=\"elementor-icon-list-item\">\n\t\t\t\t\t\t\t\t\t\t<span class=\"elementor-icon-list-text\">Na Zl\u00edchov\u011b 18<\/span>\n\t\t\t\t\t\t\t\t\t<\/li>\n\t\t\t\t\t\t\t\t<li class=\"elementor-icon-list-item\">\n\t\t\t\t\t\t\t\t\t\t<span class=\"elementor-icon-list-text\">Prag 5, 152 00<\/span>\n\t\t\t\t\t\t\t\t\t<\/li>\n\t\t\t\t\t\t\t\t<li class=\"elementor-icon-list-item\">\n\t\t\t\t\t\t\t\t\t\t<span class=\"elementor-icon-list-text\">Tschechische Republik<\/span>\n\t\t\t\t\t\t\t\t\t<\/li>\n\t\t\t\t\t\t\t\t<li class=\"elementor-icon-list-item\">\n\t\t\t\t\t\t\t\t\t\t\t<a href=\"tel:+420734548603\">\n\n\t\t\t\t\t\t\t\t\t\t\t\t<span class=\"elementor-icon-list-icon\">\n\t\t\t\t\t\t\t<i aria-hidden=\"true\" class=\"fas fa-phone\"><\/i>\t\t\t\t\t\t<\/span>\n\t\t\t\t\t\t\t\t\t\t<span class=\"elementor-icon-list-text\">+420 734 548 603<\/span>\n\t\t\t\t\t\t\t\t\t\t\t<\/a>\n\t\t\t\t\t\t\t\t\t<\/li>\n\t\t\t\t\t\t\t\t<li class=\"elementor-icon-list-item\">\n\t\t\t\t\t\t\t\t\t\t\t<a href=\"http:\/\/kryty@formic.cz\">\n\n\t\t\t\t\t\t\t\t\t\t\t\t<span class=\"elementor-icon-list-icon\">\n\t\t\t\t\t\t\t<i aria-hidden=\"true\" class=\"fas fa-envelope\"><\/i>\t\t\t\t\t\t<\/span>\n\t\t\t\t\t\t\t\t\t\t<span class=\"elementor-icon-list-text\">kryty@formic.cz<\/span>\n\t\t\t\t\t\t\t\t\t\t\t<\/a>\n\t\t\t\t\t\t\t\t\t<\/li>\n\t\t\t\t\t\t<\/ul>\n\t\t\t\t\t\t<\/div>\n\t\t\t\t<\/div>\n\t\t\t\t\t<\/div>\n\t\t<\/div>\n\t\t\t\t<div class=\"elementor-column elementor-col-50 elementor-inner-column elementor-element elementor-element-5a2eedc0\" data-id=\"5a2eedc0\" data-element_type=\"column\">\n\t\t\t<div class=\"elementor-widget-wrap elementor-element-populated\">\n\t\t\t\t\t\t<div class=\"elementor-element elementor-element-cd91a86 elementor-widget elementor-widget-shortcode\" data-id=\"cd91a86\" data-element_type=\"widget\" data-widget_type=\"shortcode.default\">\n\t\t\t\t<div class=\"elementor-widget-container\">\n\t\t\t\t\t\t\t<div class=\"elementor-shortcode\">\n<div class=\"wpcf7 no-js\" id=\"wpcf7-f2075-o1\" lang=\"de-DE\" dir=\"ltr\" data-wpcf7-id=\"2075\">\n<div class=\"screen-reader-response\"><p role=\"status\" aria-live=\"polite\" aria-atomic=\"true\"><\/p> <ul><\/ul><\/div>\n<form action=\"\/de\/wp-json\/wp\/v2\/pages\/2119#wpcf7-f2075-o1\" method=\"post\" class=\"wpcf7-form init\" aria-label=\"Kontaktformular\" novalidate=\"novalidate\" data-status=\"init\">\n<div style=\"display: none;\">\n<input type=\"hidden\" name=\"_wpcf7\" value=\"2075\" \/>\n<input type=\"hidden\" name=\"_wpcf7_version\" value=\"6.0.6\" \/>\n<input type=\"hidden\" name=\"_wpcf7_locale\" value=\"de_DE\" \/>\n<input type=\"hidden\" name=\"_wpcf7_unit_tag\" value=\"wpcf7-f2075-o1\" \/>\n<input type=\"hidden\" name=\"_wpcf7_container_post\" value=\"0\" \/>\n<input type=\"hidden\" name=\"_wpcf7_posted_data_hash\" value=\"\" \/>\n<\/div>\n<p><label> {Ihr Name}<br \/>\n<span class=\"wpcf7-form-control-wrap\" data-name=\"your-name\"><input size=\"40\" maxlength=\"400\" class=\"wpcf7-form-control wpcf7-text wpcf7-validates-as-required\" autocomplete=\"name\" aria-required=\"true\" aria-invalid=\"false\" value=\"\" type=\"text\" name=\"your-name\" \/><\/span> <\/label>\n<\/p>\n<p><label> {Ihre E-Mail}<br \/>\n<span class=\"wpcf7-form-control-wrap\" data-name=\"your-email\"><input size=\"40\" maxlength=\"400\" class=\"wpcf7-form-control wpcf7-email wpcf7-validates-as-required wpcf7-text wpcf7-validates-as-email\" autocomplete=\"email\" aria-required=\"true\" aria-invalid=\"false\" value=\"\" type=\"email\" name=\"your-email\" \/><\/span> <\/label>\n<\/p>\n<p><label> {Ihre Nachricht}<br \/>\n<span class=\"wpcf7-form-control-wrap\" data-name=\"your-message\"><textarea cols=\"40\" rows=\"3\" maxlength=\"2000\" class=\"wpcf7-form-control wpcf7-textarea wpcf7-validates-as-required\" aria-required=\"true\" aria-invalid=\"false\" name=\"your-message\"><\/textarea><\/span> <\/label>\n<\/p>\n<p><input class=\"wpcf7-form-control wpcf7-submit has-spinner\" type=\"submit\" value=\"{Odeslat}\" \/>\n<\/p><div class=\"wpcf7-response-output\" aria-hidden=\"true\"><\/div>\n<\/form>\n<\/div>\n<\/div>\n\t\t\t\t\t\t<\/div>\n\t\t\t\t<\/div>\n\t\t\t\t\t<\/div>\n\t\t<\/div>\n\t\t\t\t\t<\/div>\n\t\t<\/section>\n\t\t\t\t\t<\/div>\n\t\t<\/div>\n\t\t\t\t\t<\/div>\n\t\t<\/section>\n\t\t\t\t<\/div>\n\t\t","protected":false},"excerpt":{"rendered":"<p>Bau von Unterk\u00fcnften f\u00fcr neue Entwicklungsprojekte Bau von Atombunkern f\u00fcr neue Projekte &#8211; Entwicklungsprojekte, Wohnh\u00e4user, Schulen, Krankenh\u00e4user, B\u00fcrogeb\u00e4ude und mehr. Bau von zivilen At ombunkern f\u00fcr neue Projekte &#8211; Wohnungen, Schulen, Krankenh\u00e4user, B\u00fcrogeb\u00e4ude und mehr. In den heutigen unsicheren Zeiten konzentrieren wir uns zunehmend auf den Schutz der Bewohner in neu errichteten Geb\u00e4uden. Wir bieten [&hellip;]<\/p>\n","protected":false},"author":1,"featured_media":0,"parent":1950,"menu_order":0,"comment_status":"closed","ping_status":"closed","template":"","meta":{"inline_featured_image":false,"slim_seo":{"title":"Bau von Unterk\u00fcnften f\u00fcr neue Entwicklungsprojekte - N\u00e1\u0161 \u00fakryt","description":"Bau von Unterk\u00fcnften f\u00fcr neue Entwicklungsprojekte Bau von Atombunkern f\u00fcr neue Projekte - Entwicklungsprojekte, Wohnh\u00e4user, Schulen, Krankenh\u00e4user, B\u00fcrogeb\u00e4ude"},"footnotes":""},"class_list":["post-2119","page","type-page","status-publish","hentry"],"_links":{"self":[{"href":"https:\/\/nasukryt.cz\/de\/wp-json\/wp\/v2\/pages\/2119","targetHints":{"allow":["GET"]}}],"collection":[{"href":"https:\/\/nasukryt.cz\/de\/wp-json\/wp\/v2\/pages"}],"about":[{"href":"https:\/\/nasukryt.cz\/de\/wp-json\/wp\/v2\/types\/page"}],"author":[{"embeddable":true,"href":"https:\/\/nasukryt.cz\/de\/wp-json\/wp\/v2\/users\/1"}],"replies":[{"embeddable":true,"href":"https:\/\/nasukryt.cz\/de\/wp-json\/wp\/v2\/comments?post=2119"}],"version-history":[{"count":1,"href":"https:\/\/nasukryt.cz\/de\/wp-json\/wp\/v2\/pages\/2119\/revisions"}],"predecessor-version":[{"id":2121,"href":"https:\/\/nasukryt.cz\/de\/wp-json\/wp\/v2\/pages\/2119\/revisions\/2121"}],"up":[{"embeddable":true,"href":"https:\/\/nasukryt.cz\/de\/wp-json\/wp\/v2\/pages\/1950"}],"wp:attachment":[{"href":"https:\/\/nasukryt.cz\/de\/wp-json\/wp\/v2\/media?parent=2119"}],"curies":[{"name":"wp","href":"https:\/\/api.w.org\/{rel}","templated":true}]}}