{"id":2024,"date":"2024-09-12T14:40:21","date_gmt":"2024-09-12T12:40:21","guid":{"rendered":"https:\/\/nasukryt.cz\/startseite\/wiederaufbau-von-bestehenden-kcos\/"},"modified":"2025-06-15T22:40:34","modified_gmt":"2025-06-15T20:40:34","slug":"wiederaufbau-von-bestehenden-kcos","status":"publish","type":"page","link":"https:\/\/nasukryt.cz\/de\/startseite\/wiederaufbau-von-bestehenden-kcos\/","title":{"rendered":"Wiederaufbau von bestehenden KCOs"},"content":{"rendered":"\t\t<div data-elementor-type=\"wp-page\" data-elementor-id=\"2024\" class=\"elementor elementor-2024 elementor-719\" data-elementor-post-type=\"page\">\n\t\t\t\t\t\t<section class=\"elementor-section elementor-top-section elementor-element elementor-element-656be1f9 elementor-section-boxed elementor-section-height-default elementor-section-height-default\" data-id=\"656be1f9\" data-element_type=\"section\">\n\t\t\t\t\t\t<div class=\"elementor-container elementor-column-gap-default\">\n\t\t\t\t\t<div class=\"elementor-column elementor-col-100 elementor-top-column elementor-element elementor-element-5b3dd621\" data-id=\"5b3dd621\" data-element_type=\"column\">\n\t\t\t<div class=\"elementor-widget-wrap elementor-element-populated\">\n\t\t\t\t\t\t<div class=\"elementor-element elementor-element-d15826a elementor-widget elementor-widget-heading\" data-id=\"d15826a\" data-element_type=\"widget\" data-widget_type=\"heading.default\">\n\t\t\t\t<div class=\"elementor-widget-container\">\n\t\t\t\t\t<h1 class=\"elementor-heading-title elementor-size-default\">Wiederaufbau von bestehenden KCOs<\/h1>\t\t\t\t<\/div>\n\t\t\t\t<\/div>\n\t\t\t\t\t<\/div>\n\t\t<\/div>\n\t\t\t\t\t<\/div>\n\t\t<\/section>\n\t\t\t\t<section class=\"elementor-section elementor-top-section elementor-element elementor-element-7631dbef elementor-section-boxed elementor-section-height-default elementor-section-height-default\" data-id=\"7631dbef\" data-element_type=\"section\">\n\t\t\t\t\t\t<div class=\"elementor-container elementor-column-gap-default\">\n\t\t\t\t\t<div class=\"elementor-column elementor-col-100 elementor-top-column elementor-element elementor-element-6f8b4a49\" data-id=\"6f8b4a49\" data-element_type=\"column\">\n\t\t\t<div class=\"elementor-widget-wrap elementor-element-populated\">\n\t\t\t\t\t\t<div class=\"elementor-element elementor-element-6aae89bf elementor-widget elementor-widget-text-editor\" data-id=\"6aae89bf\" data-element_type=\"widget\" data-widget_type=\"text-editor.default\">\n\t\t\t\t<div class=\"elementor-widget-container\">\n\t\t\t\t\t\t\t\t\t<p data-renderer-start-pos=\"301\">Wir befassen uns mit kompletten Rekonstruktionen bestehender Gro\u00dfraum-Katastrophenschutzr\u00e4ume nach der Norm \u010cSN 739010. Die in den 60-80er Jahren des letzten Jahrhunderts gebauten Schutzr\u00e4ume wurden bis auf wenige Ausnahmen nicht gewartet. <\/p><p data-renderer-start-pos=\"517\">Wir sind spezialisiert auf die komplette, schl\u00fcsselfertige Renovierung dieser Strukturen, einschlie\u00dflich aller Technologien wie Luft, Druck- und \u00dcberdruckventile, Wasser, Abwasser, Elektrik, Beleuchtung, gepanzerte T\u00fcren und Luken.<\/p>\t\t\t\t\t\t\t\t<\/div>\n\t\t\t\t<\/div>\n\t\t\t\t\t<\/div>\n\t\t<\/div>\n\t\t\t\t\t<\/div>\n\t\t<\/section>\n\t\t\t\t<section class=\"elementor-section elementor-top-section elementor-element elementor-element-5152885a elementor-section-boxed elementor-section-height-default elementor-section-height-default\" data-id=\"5152885a\" data-element_type=\"section\">\n\t\t\t\t\t\t<div class=\"elementor-container elementor-column-gap-default\">\n\t\t\t\t\t<div class=\"elementor-column elementor-col-50 elementor-top-column elementor-element elementor-element-2a2633b7\" data-id=\"2a2633b7\" data-element_type=\"column\">\n\t\t\t<div class=\"elementor-widget-wrap elementor-element-populated\">\n\t\t\t\t\t\t<div class=\"elementor-element elementor-element-747cac29 elementor-widget elementor-widget-image\" data-id=\"747cac29\" data-element_type=\"widget\" data-widget_type=\"image.default\">\n\t\t\t\t<div class=\"elementor-widget-container\">\n\t\t\t\t\t\t\t\t\t\t\t\t\t\t\t<img fetchpriority=\"high\" decoding=\"async\" width=\"575\" height=\"428\" src=\"https:\/\/nasukryt.cz\/wp-content\/uploads\/2024\/09\/Frame-451.jpg\" class=\"attachment-large size-large wp-image-2026\" alt=\"Frame 45(1)\" srcset=\"https:\/\/nasukryt.cz\/wp-content\/uploads\/2024\/09\/Frame-451.jpg 575w, https:\/\/nasukryt.cz\/wp-content\/uploads\/2024\/09\/Frame-451-300x223.jpg 300w\" sizes=\"(max-width: 575px) 100vw, 575px\" \/>\t\t\t\t\t\t\t\t\t\t\t\t\t\t\t<\/div>\n\t\t\t\t<\/div>\n\t\t\t\t\t<\/div>\n\t\t<\/div>\n\t\t\t\t<div class=\"elementor-column elementor-col-50 elementor-top-column elementor-element elementor-element-1a9c6b3d\" data-id=\"1a9c6b3d\" data-element_type=\"column\">\n\t\t\t<div class=\"elementor-widget-wrap elementor-element-populated\">\n\t\t\t\t\t\t<div class=\"elementor-element elementor-element-70f98f3b elementor-widget elementor-widget-image\" data-id=\"70f98f3b\" data-element_type=\"widget\" data-widget_type=\"image.default\">\n\t\t\t\t<div class=\"elementor-widget-container\">\n\t\t\t\t\t\t\t\t\t\t\t\t\t\t\t<img decoding=\"async\" width=\"575\" height=\"428\" src=\"https:\/\/nasukryt.cz\/wp-content\/uploads\/2024\/09\/Frame-45.jpg\" class=\"attachment-large size-large wp-image-1943\" alt=\"Frame 45\" srcset=\"https:\/\/nasukryt.cz\/wp-content\/uploads\/2024\/09\/Frame-45.jpg 575w, https:\/\/nasukryt.cz\/wp-content\/uploads\/2024\/09\/Frame-45-300x223.jpg 300w\" sizes=\"(max-width: 575px) 100vw, 575px\" \/>\t\t\t\t\t\t\t\t\t\t\t\t\t\t\t<\/div>\n\t\t\t\t<\/div>\n\t\t\t\t\t<\/div>\n\t\t<\/div>\n\t\t\t\t\t<\/div>\n\t\t<\/section>\n\t\t\t\t<section class=\"elementor-section elementor-top-section elementor-element elementor-element-8cf3006 elementor-section-boxed elementor-section-height-default elementor-section-height-default\" data-id=\"8cf3006\" data-element_type=\"section\">\n\t\t\t\t\t\t<div class=\"elementor-container elementor-column-gap-default\">\n\t\t\t\t\t<div class=\"elementor-column elementor-col-100 elementor-top-column elementor-element elementor-element-86c4d26\" data-id=\"86c4d26\" data-element_type=\"column\">\n\t\t\t<div class=\"elementor-widget-wrap elementor-element-populated\">\n\t\t\t\t\t\t<div class=\"elementor-element elementor-element-1d6c06a elementor-widget elementor-widget-image\" data-id=\"1d6c06a\" data-element_type=\"widget\" data-widget_type=\"image.default\">\n\t\t\t\t<div class=\"elementor-widget-container\">\n\t\t\t\t\t\t\t\t\t\t\t\t\t\t\t<img decoding=\"async\" width=\"2560\" height=\"2150\" src=\"https:\/\/nasukryt.cz\/wp-content\/uploads\/2024\/11\/KCO-vizualizace-s-popisy-scaled.jpg\" class=\"attachment-full size-full wp-image-2034\" alt=\"Kco vizualizace s popisy\" srcset=\"https:\/\/nasukryt.cz\/wp-content\/uploads\/2024\/11\/KCO-vizualizace-s-popisy-scaled.jpg 2560w, https:\/\/nasukryt.cz\/wp-content\/uploads\/2024\/11\/KCO-vizualizace-s-popisy-300x252.jpg 300w, https:\/\/nasukryt.cz\/wp-content\/uploads\/2024\/11\/KCO-vizualizace-s-popisy-1024x860.jpg 1024w, https:\/\/nasukryt.cz\/wp-content\/uploads\/2024\/11\/KCO-vizualizace-s-popisy-768x645.jpg 768w, https:\/\/nasukryt.cz\/wp-content\/uploads\/2024\/11\/KCO-vizualizace-s-popisy-1536x1290.jpg 1536w, https:\/\/nasukryt.cz\/wp-content\/uploads\/2024\/11\/KCO-vizualizace-s-popisy-2048x1720.jpg 2048w, https:\/\/nasukryt.cz\/wp-content\/uploads\/2024\/11\/KCO-vizualizace-s-popisy-600x504.jpg 600w\" sizes=\"(max-width: 2560px) 100vw, 2560px\" \/>\t\t\t\t\t\t\t\t\t\t\t\t\t\t\t<\/div>\n\t\t\t\t<\/div>\n\t\t\t\t\t<\/div>\n\t\t<\/div>\n\t\t\t\t\t<\/div>\n\t\t<\/section>\n\t\t\t\t<section class=\"elementor-section elementor-top-section elementor-element elementor-element-5ebe04af elementor-section-boxed elementor-section-height-default elementor-section-height-default\" data-id=\"5ebe04af\" data-element_type=\"section\" id=\"kontakt\">\n\t\t\t\t\t\t<div class=\"elementor-container elementor-column-gap-no\">\n\t\t\t\t\t<div class=\"elementor-column elementor-col-100 elementor-top-column elementor-element elementor-element-353d79d\" data-id=\"353d79d\" data-element_type=\"column\">\n\t\t\t<div class=\"elementor-widget-wrap elementor-element-populated\">\n\t\t\t\t\t\t<div class=\"elementor-element elementor-element-140a4604 elementor-widget elementor-widget-heading\" data-id=\"140a4604\" data-element_type=\"widget\" data-widget_type=\"heading.default\">\n\t\t\t\t<div class=\"elementor-widget-container\">\n\t\t\t\t\t<h2 class=\"elementor-heading-title elementor-size-default\">Kontakt<\/h2>\t\t\t\t<\/div>\n\t\t\t\t<\/div>\n\t\t\t\t<section class=\"elementor-section elementor-inner-section elementor-element elementor-element-566cda24 elementor-section-boxed elementor-section-height-default elementor-section-height-default\" data-id=\"566cda24\" data-element_type=\"section\">\n\t\t\t\t\t\t<div class=\"elementor-container elementor-column-gap-default\">\n\t\t\t\t\t<div class=\"elementor-column elementor-col-50 elementor-inner-column elementor-element elementor-element-590ab3ae\" data-id=\"590ab3ae\" data-element_type=\"column\">\n\t\t\t<div class=\"elementor-widget-wrap elementor-element-populated\">\n\t\t\t\t\t\t<div class=\"elementor-element elementor-element-4eeb400 elementor-widget elementor-widget-heading\" data-id=\"4eeb400\" data-element_type=\"widget\" data-widget_type=\"heading.default\">\n\t\t\t\t<div class=\"elementor-widget-container\">\n\t\t\t\t\t<h4 class=\"elementor-heading-title elementor-size-default\">Z\u00f6gern Sie nicht, uns jederzeit zu kontaktieren, wir werden Ihre Fragen gerne beantworten.<\/h4>\t\t\t\t<\/div>\n\t\t\t\t<\/div>\n\t\t\t\t<div class=\"elementor-element elementor-element-3b2b419b elementor-icon-list--layout-traditional elementor-list-item-link-full_width elementor-widget elementor-widget-icon-list\" data-id=\"3b2b419b\" data-element_type=\"widget\" id=\"kontakt-box\" data-widget_type=\"icon-list.default\">\n\t\t\t\t<div class=\"elementor-widget-container\">\n\t\t\t\t\t\t\t<ul class=\"elementor-icon-list-items\">\n\t\t\t\t\t\t\t<li class=\"elementor-icon-list-item\">\n\t\t\t\t\t\t\t\t\t\t<span class=\"elementor-icon-list-text\"><b>Formic construction s.r.o.<\/b><\/span>\n\t\t\t\t\t\t\t\t\t<\/li>\n\t\t\t\t\t\t\t\t<li class=\"elementor-icon-list-item\">\n\t\t\t\t\t\t\t\t\t\t<span class=\"elementor-icon-list-text\">Na Zl\u00edchov\u011b 18<\/span>\n\t\t\t\t\t\t\t\t\t<\/li>\n\t\t\t\t\t\t\t\t<li class=\"elementor-icon-list-item\">\n\t\t\t\t\t\t\t\t\t\t<span class=\"elementor-icon-list-text\">Prag 5, 152 00<\/span>\n\t\t\t\t\t\t\t\t\t<\/li>\n\t\t\t\t\t\t\t\t<li class=\"elementor-icon-list-item\">\n\t\t\t\t\t\t\t\t\t\t<span class=\"elementor-icon-list-text\">Tschechische Republik<\/span>\n\t\t\t\t\t\t\t\t\t<\/li>\n\t\t\t\t\t\t\t\t<li class=\"elementor-icon-list-item\">\n\t\t\t\t\t\t\t\t\t\t\t<a href=\"tel:+420734548603\">\n\n\t\t\t\t\t\t\t\t\t\t\t\t<span class=\"elementor-icon-list-icon\">\n\t\t\t\t\t\t\t<i aria-hidden=\"true\" class=\"fas fa-phone\"><\/i>\t\t\t\t\t\t<\/span>\n\t\t\t\t\t\t\t\t\t\t<span class=\"elementor-icon-list-text\">+420 734 548 603<\/span>\n\t\t\t\t\t\t\t\t\t\t\t<\/a>\n\t\t\t\t\t\t\t\t\t<\/li>\n\t\t\t\t\t\t\t\t<li class=\"elementor-icon-list-item\">\n\t\t\t\t\t\t\t\t\t\t\t<a href=\"http:\/\/kryty@formic.cz\">\n\n\t\t\t\t\t\t\t\t\t\t\t\t<span class=\"elementor-icon-list-icon\">\n\t\t\t\t\t\t\t<i aria-hidden=\"true\" class=\"fas fa-envelope\"><\/i>\t\t\t\t\t\t<\/span>\n\t\t\t\t\t\t\t\t\t\t<span class=\"elementor-icon-list-text\">kryty@formic.cz<\/span>\n\t\t\t\t\t\t\t\t\t\t\t<\/a>\n\t\t\t\t\t\t\t\t\t<\/li>\n\t\t\t\t\t\t<\/ul>\n\t\t\t\t\t\t<\/div>\n\t\t\t\t<\/div>\n\t\t\t\t\t<\/div>\n\t\t<\/div>\n\t\t\t\t<div class=\"elementor-column elementor-col-50 elementor-inner-column elementor-element elementor-element-5a2eedc0\" data-id=\"5a2eedc0\" data-element_type=\"column\">\n\t\t\t<div class=\"elementor-widget-wrap elementor-element-populated\">\n\t\t\t\t\t\t<div class=\"elementor-element elementor-element-cd91a86 elementor-widget elementor-widget-shortcode\" data-id=\"cd91a86\" data-element_type=\"widget\" data-widget_type=\"shortcode.default\">\n\t\t\t\t<div class=\"elementor-widget-container\">\n\t\t\t\t\t\t\t<div class=\"elementor-shortcode\">\n<div class=\"wpcf7 no-js\" id=\"wpcf7-f2075-o1\" lang=\"de-DE\" dir=\"ltr\" data-wpcf7-id=\"2075\">\n<div class=\"screen-reader-response\"><p role=\"status\" aria-live=\"polite\" aria-atomic=\"true\"><\/p> <ul><\/ul><\/div>\n<form action=\"\/de\/wp-json\/wp\/v2\/pages\/2024#wpcf7-f2075-o1\" method=\"post\" class=\"wpcf7-form init\" aria-label=\"Kontaktformular\" novalidate=\"novalidate\" data-status=\"init\">\n<div style=\"display: none;\">\n<input type=\"hidden\" name=\"_wpcf7\" value=\"2075\" \/>\n<input type=\"hidden\" name=\"_wpcf7_version\" value=\"6.0.6\" \/>\n<input type=\"hidden\" name=\"_wpcf7_locale\" value=\"de_DE\" \/>\n<input type=\"hidden\" name=\"_wpcf7_unit_tag\" value=\"wpcf7-f2075-o1\" \/>\n<input type=\"hidden\" name=\"_wpcf7_container_post\" value=\"0\" \/>\n<input type=\"hidden\" name=\"_wpcf7_posted_data_hash\" value=\"\" \/>\n<\/div>\n<p><label> {Ihr Name}<br \/>\n<span class=\"wpcf7-form-control-wrap\" data-name=\"your-name\"><input size=\"40\" maxlength=\"400\" class=\"wpcf7-form-control wpcf7-text wpcf7-validates-as-required\" autocomplete=\"name\" aria-required=\"true\" aria-invalid=\"false\" value=\"\" type=\"text\" name=\"your-name\" \/><\/span> <\/label>\n<\/p>\n<p><label> {Ihre E-Mail}<br \/>\n<span class=\"wpcf7-form-control-wrap\" data-name=\"your-email\"><input size=\"40\" maxlength=\"400\" class=\"wpcf7-form-control wpcf7-email wpcf7-validates-as-required wpcf7-text wpcf7-validates-as-email\" autocomplete=\"email\" aria-required=\"true\" aria-invalid=\"false\" value=\"\" type=\"email\" name=\"your-email\" \/><\/span> <\/label>\n<\/p>\n<p><label> {Ihre Nachricht}<br \/>\n<span class=\"wpcf7-form-control-wrap\" data-name=\"your-message\"><textarea cols=\"40\" rows=\"3\" maxlength=\"2000\" class=\"wpcf7-form-control wpcf7-textarea wpcf7-validates-as-required\" aria-required=\"true\" aria-invalid=\"false\" name=\"your-message\"><\/textarea><\/span> <\/label>\n<\/p>\n<p><input class=\"wpcf7-form-control wpcf7-submit has-spinner\" type=\"submit\" value=\"{Odeslat}\" \/>\n<\/p><div class=\"wpcf7-response-output\" aria-hidden=\"true\"><\/div>\n<\/form>\n<\/div>\n<\/div>\n\t\t\t\t\t\t<\/div>\n\t\t\t\t<\/div>\n\t\t\t\t\t<\/div>\n\t\t<\/div>\n\t\t\t\t\t<\/div>\n\t\t<\/section>\n\t\t\t\t\t<\/div>\n\t\t<\/div>\n\t\t\t\t\t<\/div>\n\t\t<\/section>\n\t\t\t\t<\/div>\n\t\t","protected":false},"excerpt":{"rendered":"<p>Wiederaufbau von bestehenden KCOs Wir befassen uns mit kompletten Rekonstruktionen bestehender Gro\u00dfraum-Katastrophenschutzr\u00e4ume nach der Norm \u010cSN 739010. Die in den 60-80er Jahren des letzten Jahrhunderts gebauten Schutzr\u00e4ume wurden bis auf wenige Ausnahmen nicht gewartet. Wir sind spezialisiert auf die komplette, schl\u00fcsselfertige Renovierung dieser Strukturen, einschlie\u00dflich aller Technologien wie Luft, Druck- und \u00dcberdruckventile, Wasser, Abwasser, Elektrik, [&hellip;]<\/p>\n","protected":false},"author":1,"featured_media":0,"parent":1950,"menu_order":0,"comment_status":"closed","ping_status":"closed","template":"","meta":{"inline_featured_image":false,"slim_seo":{"title":"Wiederaufbau von bestehenden KCOs - N\u00e1\u0161 \u00fakryt","description":"Wiederaufbau von bestehenden KCOs Wir befassen uns mit kompletten Rekonstruktionen bestehender Gro\u00dfraum-Katastrophenschutzr\u00e4ume nach der Norm \u010cSN 739010. Die in"},"footnotes":""},"class_list":["post-2024","page","type-page","status-publish","hentry"],"_links":{"self":[{"href":"https:\/\/nasukryt.cz\/de\/wp-json\/wp\/v2\/pages\/2024","targetHints":{"allow":["GET"]}}],"collection":[{"href":"https:\/\/nasukryt.cz\/de\/wp-json\/wp\/v2\/pages"}],"about":[{"href":"https:\/\/nasukryt.cz\/de\/wp-json\/wp\/v2\/types\/page"}],"author":[{"embeddable":true,"href":"https:\/\/nasukryt.cz\/de\/wp-json\/wp\/v2\/users\/1"}],"replies":[{"embeddable":true,"href":"https:\/\/nasukryt.cz\/de\/wp-json\/wp\/v2\/comments?post=2024"}],"version-history":[{"count":1,"href":"https:\/\/nasukryt.cz\/de\/wp-json\/wp\/v2\/pages\/2024\/revisions"}],"predecessor-version":[{"id":2035,"href":"https:\/\/nasukryt.cz\/de\/wp-json\/wp\/v2\/pages\/2024\/revisions\/2035"}],"up":[{"embeddable":true,"href":"https:\/\/nasukryt.cz\/de\/wp-json\/wp\/v2\/pages\/1950"}],"wp:attachment":[{"href":"https:\/\/nasukryt.cz\/de\/wp-json\/wp\/v2\/media?parent=2024"}],"curies":[{"name":"wp","href":"https:\/\/api.w.org\/{rel}","templated":true}]}}