{"id":1939,"date":"2024-09-12T13:11:07","date_gmt":"2024-09-12T11:11:07","guid":{"rendered":"https:\/\/nasukryt.cz\/bau-von-sicherheitsraeumen\/"},"modified":"2025-06-15T22:40:29","modified_gmt":"2025-06-15T20:40:29","slug":"bau-von-sicherheitsraeumen","status":"publish","type":"page","link":"https:\/\/nasukryt.cz\/de\/startseite\/bau-von-sicherheitsraeumen\/","title":{"rendered":"Bau von Sicherheitsr\u00e4umen"},"content":{"rendered":"\t\t<div data-elementor-type=\"wp-page\" data-elementor-id=\"1939\" class=\"elementor elementor-1939 elementor-709\" data-elementor-post-type=\"page\">\n\t\t\t\t\t\t<section class=\"elementor-section elementor-top-section elementor-element elementor-element-289e9f31 elementor-section-boxed elementor-section-height-default elementor-section-height-default\" data-id=\"289e9f31\" data-element_type=\"section\">\n\t\t\t\t\t\t<div class=\"elementor-container elementor-column-gap-default\">\n\t\t\t\t\t<div class=\"elementor-column elementor-col-100 elementor-top-column elementor-element elementor-element-61b0a464\" data-id=\"61b0a464\" data-element_type=\"column\">\n\t\t\t<div class=\"elementor-widget-wrap elementor-element-populated\">\n\t\t\t\t\t\t<div class=\"elementor-element elementor-element-438b0fce elementor-widget elementor-widget-heading\" data-id=\"438b0fce\" data-element_type=\"widget\" data-widget_type=\"heading.default\">\n\t\t\t\t<div class=\"elementor-widget-container\">\n\t\t\t\t\t<h1 class=\"elementor-heading-title elementor-size-default\">Bau von Sicherheitsr\u00e4umen<\/h1>\t\t\t\t<\/div>\n\t\t\t\t<\/div>\n\t\t\t\t\t<\/div>\n\t\t<\/div>\n\t\t\t\t\t<\/div>\n\t\t<\/section>\n\t\t\t\t<section class=\"elementor-section elementor-top-section elementor-element elementor-element-fa7c8a3 elementor-section-boxed elementor-section-height-default elementor-section-height-default\" data-id=\"fa7c8a3\" data-element_type=\"section\">\n\t\t\t\t\t\t<div class=\"elementor-container elementor-column-gap-default\">\n\t\t\t\t\t<div class=\"elementor-column elementor-col-100 elementor-top-column elementor-element elementor-element-188a4c53\" data-id=\"188a4c53\" data-element_type=\"column\">\n\t\t\t<div class=\"elementor-widget-wrap elementor-element-populated\">\n\t\t\t\t\t\t<div class=\"elementor-element elementor-element-2f660130 elementor-widget elementor-widget-text-editor\" data-id=\"2f660130\" data-element_type=\"widget\" data-widget_type=\"text-editor.default\">\n\t\t\t\t<div class=\"elementor-widget-container\">\n\t\t\t\t\t\t\t\t\t<p data-renderer-start-pos=\"333\">Es handelt sich dabei um spezielle R\u00e4ume, so genannte Panikr\u00e4ume, die zur Aufbewahrung wertvoller G\u00fcter oder zum effektiven Schutz von Personen im Falle einer physischen Bedrohung genutzt werden. Dazu k\u00f6nnen Raub\u00fcberf\u00e4lle, Terroranschl\u00e4ge oder sogar Entf\u00fchrungen geh\u00f6ren. Es handelt sich um eine immer beliebtere L\u00f6sung, die das Sicherheitsgef\u00fchl aller Mitglieder des Haushalts erh\u00f6ht.   <\/p><p data-renderer-start-pos=\"639\">Ein Panikraum ist eine gro\u00dfartige Option f\u00fcr Menschen, die die Sicherheit zu Hause oder am Arbeitsplatz erh\u00f6hen m\u00f6chten. Der Raum ist nicht f\u00fcr einen langfristigen Aufenthalt gedacht, sondern nur, um sich im Falle einer potenziellen Bedrohung zu verstecken. Seine Beton- und Eisenkonstruktion bietet Durchschusshemmung auf FB4 bis FB7 Stufe 4. Der Raum ist standardm\u00e4\u00dfig mit einer kugelsicheren Sicherheitst\u00fcr mit Panikschlossfunktion ausgestattet. Zus\u00e4tzliche Tresore, Luftzufuhr mit CBRN-Filterbel\u00fcftung, Stromversorgung, Telefon, Radio, Wasser, Lebensmittel, Medikamente usw. k\u00f6nnen im Raum untergebracht werden. Die Schutzzeit h\u00e4ngt von der technischen Verarbeitung und dem Ausstattungsgrad der verwendeten Technologien ab.      <\/p><p data-renderer-start-pos=\"1273\">Sicherheitsr\u00e4ume k\u00f6nnen gleichzeitig mit dem Bau des Hauses errichtet werden oder sie k\u00f6nnen zus\u00e4tzlich in jedes Geb\u00e4ude eingebaut werden.<\/p>\t\t\t\t\t\t\t\t<\/div>\n\t\t\t\t<\/div>\n\t\t\t\t\t<\/div>\n\t\t<\/div>\n\t\t\t\t\t<\/div>\n\t\t<\/section>\n\t\t\t\t<section class=\"elementor-section elementor-top-section elementor-element elementor-element-24988f8d elementor-section-boxed elementor-section-height-default elementor-section-height-default\" data-id=\"24988f8d\" data-element_type=\"section\">\n\t\t\t\t\t\t<div class=\"elementor-container elementor-column-gap-default\">\n\t\t\t\t\t<div class=\"elementor-column elementor-col-50 elementor-top-column elementor-element elementor-element-30b5380\" data-id=\"30b5380\" data-element_type=\"column\">\n\t\t\t<div class=\"elementor-widget-wrap elementor-element-populated\">\n\t\t\t\t\t\t<div class=\"elementor-element elementor-element-2ce6063e elementor-widget elementor-widget-image\" data-id=\"2ce6063e\" data-element_type=\"widget\" data-widget_type=\"image.default\">\n\t\t\t\t<div class=\"elementor-widget-container\">\n\t\t\t\t\t\t\t\t\t\t\t\t\t\t\t<img fetchpriority=\"high\" decoding=\"async\" width=\"575\" height=\"887\" src=\"https:\/\/nasukryt.cz\/wp-content\/uploads\/2024\/09\/Frame-421-1.jpg\" class=\"attachment-large size-large wp-image-1940\" alt=\"Frame 42(1) (1)\" srcset=\"https:\/\/nasukryt.cz\/wp-content\/uploads\/2024\/09\/Frame-421-1.jpg 575w, https:\/\/nasukryt.cz\/wp-content\/uploads\/2024\/09\/Frame-421-1-194x300.jpg 194w\" sizes=\"(max-width: 575px) 100vw, 575px\" \/>\t\t\t\t\t\t\t\t\t\t\t\t\t\t\t<\/div>\n\t\t\t\t<\/div>\n\t\t\t\t\t<\/div>\n\t\t<\/div>\n\t\t\t\t<div class=\"elementor-column elementor-col-50 elementor-top-column elementor-element elementor-element-4665bc05\" data-id=\"4665bc05\" data-element_type=\"column\">\n\t\t\t<div class=\"elementor-widget-wrap elementor-element-populated\">\n\t\t\t\t\t\t<div class=\"elementor-element elementor-element-3613f60 elementor-widget elementor-widget-image\" data-id=\"3613f60\" data-element_type=\"widget\" data-widget_type=\"image.default\">\n\t\t\t\t<div class=\"elementor-widget-container\">\n\t\t\t\t\t\t\t\t\t\t\t\t\t\t\t<img decoding=\"async\" width=\"575\" height=\"428\" src=\"https:\/\/nasukryt.cz\/wp-content\/uploads\/2024\/09\/Frame-45.jpg\" class=\"attachment-large size-large wp-image-1943\" alt=\"Frame 45\" srcset=\"https:\/\/nasukryt.cz\/wp-content\/uploads\/2024\/09\/Frame-45.jpg 575w, https:\/\/nasukryt.cz\/wp-content\/uploads\/2024\/09\/Frame-45-300x223.jpg 300w\" sizes=\"(max-width: 575px) 100vw, 575px\" \/>\t\t\t\t\t\t\t\t\t\t\t\t\t\t\t<\/div>\n\t\t\t\t<\/div>\n\t\t\t\t<div class=\"elementor-element elementor-element-817302c elementor-widget elementor-widget-image\" data-id=\"817302c\" data-element_type=\"widget\" data-widget_type=\"image.default\">\n\t\t\t\t<div class=\"elementor-widget-container\">\n\t\t\t\t\t\t\t\t\t\t\t\t\t\t\t<img decoding=\"async\" width=\"575\" height=\"428\" src=\"https:\/\/nasukryt.cz\/wp-content\/uploads\/2024\/09\/Frame-431.jpg\" class=\"attachment-large size-large wp-image-1942\" alt=\"Frame 43(1)\" srcset=\"https:\/\/nasukryt.cz\/wp-content\/uploads\/2024\/09\/Frame-431.jpg 575w, https:\/\/nasukryt.cz\/wp-content\/uploads\/2024\/09\/Frame-431-300x223.jpg 300w\" sizes=\"(max-width: 575px) 100vw, 575px\" \/>\t\t\t\t\t\t\t\t\t\t\t\t\t\t\t<\/div>\n\t\t\t\t<\/div>\n\t\t\t\t\t<\/div>\n\t\t<\/div>\n\t\t\t\t\t<\/div>\n\t\t<\/section>\n\t\t\t\t<section class=\"elementor-section elementor-top-section elementor-element elementor-element-a36cb5c elementor-section-boxed elementor-section-height-default elementor-section-height-default\" data-id=\"a36cb5c\" data-element_type=\"section\">\n\t\t\t\t\t\t<div class=\"elementor-container elementor-column-gap-default\">\n\t\t\t\t\t<div class=\"elementor-column elementor-col-100 elementor-top-column elementor-element elementor-element-602e315\" data-id=\"602e315\" data-element_type=\"column\">\n\t\t\t<div class=\"elementor-widget-wrap elementor-element-populated\">\n\t\t\t\t\t\t<div class=\"elementor-element elementor-element-5575f87 elementor-widget elementor-widget-image\" data-id=\"5575f87\" data-element_type=\"widget\" data-widget_type=\"image.default\">\n\t\t\t\t<div class=\"elementor-widget-container\">\n\t\t\t\t\t\t\t\t\t\t\t\t\t\t\t<img loading=\"lazy\" decoding=\"async\" width=\"1024\" height=\"511\" src=\"https:\/\/nasukryt.cz\/wp-content\/uploads\/2024\/09\/Frame-441-1024x511.jpg\" class=\"attachment-large size-large wp-image-1941\" alt=\"Frame 44(1)\" srcset=\"https:\/\/nasukryt.cz\/wp-content\/uploads\/2024\/09\/Frame-441-1024x511.jpg 1024w, https:\/\/nasukryt.cz\/wp-content\/uploads\/2024\/09\/Frame-441-300x150.jpg 300w, https:\/\/nasukryt.cz\/wp-content\/uploads\/2024\/09\/Frame-441-768x383.jpg 768w, https:\/\/nasukryt.cz\/wp-content\/uploads\/2024\/09\/Frame-441-600x299.jpg 600w, https:\/\/nasukryt.cz\/wp-content\/uploads\/2024\/09\/Frame-441.jpg 1186w\" sizes=\"(max-width: 1024px) 100vw, 1024px\" \/>\t\t\t\t\t\t\t\t\t\t\t\t\t\t\t<\/div>\n\t\t\t\t<\/div>\n\t\t\t\t\t<\/div>\n\t\t<\/div>\n\t\t\t\t\t<\/div>\n\t\t<\/section>\n\t\t\t\t<section class=\"elementor-section elementor-top-section elementor-element elementor-element-7e74ee1d elementor-section-boxed elementor-section-height-default elementor-section-height-default\" data-id=\"7e74ee1d\" data-element_type=\"section\" id=\"kontakt\">\n\t\t\t\t\t\t<div class=\"elementor-container elementor-column-gap-no\">\n\t\t\t\t\t<div class=\"elementor-column elementor-col-100 elementor-top-column elementor-element elementor-element-56c372e9\" data-id=\"56c372e9\" data-element_type=\"column\">\n\t\t\t<div class=\"elementor-widget-wrap elementor-element-populated\">\n\t\t\t\t\t\t<div class=\"elementor-element elementor-element-6d5be5b7 elementor-widget elementor-widget-heading\" data-id=\"6d5be5b7\" data-element_type=\"widget\" data-widget_type=\"heading.default\">\n\t\t\t\t<div class=\"elementor-widget-container\">\n\t\t\t\t\t<h2 class=\"elementor-heading-title elementor-size-default\">Kontakt<\/h2>\t\t\t\t<\/div>\n\t\t\t\t<\/div>\n\t\t\t\t<section class=\"elementor-section elementor-inner-section elementor-element elementor-element-2bc097f0 elementor-section-boxed elementor-section-height-default elementor-section-height-default\" data-id=\"2bc097f0\" data-element_type=\"section\">\n\t\t\t\t\t\t<div class=\"elementor-container elementor-column-gap-default\">\n\t\t\t\t\t<div class=\"elementor-column elementor-col-50 elementor-inner-column elementor-element elementor-element-2f5b27c0\" data-id=\"2f5b27c0\" data-element_type=\"column\">\n\t\t\t<div class=\"elementor-widget-wrap elementor-element-populated\">\n\t\t\t\t\t\t<div class=\"elementor-element elementor-element-f949ff0 elementor-widget elementor-widget-heading\" data-id=\"f949ff0\" data-element_type=\"widget\" data-widget_type=\"heading.default\">\n\t\t\t\t<div class=\"elementor-widget-container\">\n\t\t\t\t\t<h4 class=\"elementor-heading-title elementor-size-default\">Z\u00f6gern Sie nicht, uns jederzeit zu kontaktieren, wir werden Ihre Fragen gerne beantworten.<\/h4>\t\t\t\t<\/div>\n\t\t\t\t<\/div>\n\t\t\t\t<div class=\"elementor-element elementor-element-24c8bb09 elementor-icon-list--layout-traditional elementor-list-item-link-full_width elementor-widget elementor-widget-icon-list\" data-id=\"24c8bb09\" data-element_type=\"widget\" id=\"kontakt-box\" data-widget_type=\"icon-list.default\">\n\t\t\t\t<div class=\"elementor-widget-container\">\n\t\t\t\t\t\t\t<ul class=\"elementor-icon-list-items\">\n\t\t\t\t\t\t\t<li class=\"elementor-icon-list-item\">\n\t\t\t\t\t\t\t\t\t\t<span class=\"elementor-icon-list-text\"><b>Formic construction s.r.o.<\/b><\/span>\n\t\t\t\t\t\t\t\t\t<\/li>\n\t\t\t\t\t\t\t\t<li class=\"elementor-icon-list-item\">\n\t\t\t\t\t\t\t\t\t\t<span class=\"elementor-icon-list-text\">Na Zl\u00edchov\u011b 18<\/span>\n\t\t\t\t\t\t\t\t\t<\/li>\n\t\t\t\t\t\t\t\t<li class=\"elementor-icon-list-item\">\n\t\t\t\t\t\t\t\t\t\t<span class=\"elementor-icon-list-text\">Prag 5, 152 00<\/span>\n\t\t\t\t\t\t\t\t\t<\/li>\n\t\t\t\t\t\t\t\t<li class=\"elementor-icon-list-item\">\n\t\t\t\t\t\t\t\t\t\t<span class=\"elementor-icon-list-text\">Tschechische Republik<\/span>\n\t\t\t\t\t\t\t\t\t<\/li>\n\t\t\t\t\t\t\t\t<li class=\"elementor-icon-list-item\">\n\t\t\t\t\t\t\t\t\t\t\t<a href=\"tel:+420734548603\">\n\n\t\t\t\t\t\t\t\t\t\t\t\t<span class=\"elementor-icon-list-icon\">\n\t\t\t\t\t\t\t<i aria-hidden=\"true\" class=\"fas fa-phone\"><\/i>\t\t\t\t\t\t<\/span>\n\t\t\t\t\t\t\t\t\t\t<span class=\"elementor-icon-list-text\">+420 734 548 603<\/span>\n\t\t\t\t\t\t\t\t\t\t\t<\/a>\n\t\t\t\t\t\t\t\t\t<\/li>\n\t\t\t\t\t\t\t\t<li class=\"elementor-icon-list-item\">\n\t\t\t\t\t\t\t\t\t\t\t<a href=\"http:\/\/kryty@formic.cz\">\n\n\t\t\t\t\t\t\t\t\t\t\t\t<span class=\"elementor-icon-list-icon\">\n\t\t\t\t\t\t\t<i aria-hidden=\"true\" class=\"fas fa-envelope\"><\/i>\t\t\t\t\t\t<\/span>\n\t\t\t\t\t\t\t\t\t\t<span class=\"elementor-icon-list-text\">kryty@formic.cz<\/span>\n\t\t\t\t\t\t\t\t\t\t\t<\/a>\n\t\t\t\t\t\t\t\t\t<\/li>\n\t\t\t\t\t\t<\/ul>\n\t\t\t\t\t\t<\/div>\n\t\t\t\t<\/div>\n\t\t\t\t\t<\/div>\n\t\t<\/div>\n\t\t\t\t<div class=\"elementor-column elementor-col-50 elementor-inner-column elementor-element elementor-element-2f0f723b\" data-id=\"2f0f723b\" data-element_type=\"column\">\n\t\t\t<div class=\"elementor-widget-wrap elementor-element-populated\">\n\t\t\t\t\t\t<div class=\"elementor-element elementor-element-3f877c3 elementor-widget elementor-widget-shortcode\" data-id=\"3f877c3\" data-element_type=\"widget\" data-widget_type=\"shortcode.default\">\n\t\t\t\t<div class=\"elementor-widget-container\">\n\t\t\t\t\t\t\t<div class=\"elementor-shortcode\">\n<div class=\"wpcf7 no-js\" id=\"wpcf7-f2075-o1\" lang=\"de-DE\" dir=\"ltr\" data-wpcf7-id=\"2075\">\n<div class=\"screen-reader-response\"><p role=\"status\" aria-live=\"polite\" aria-atomic=\"true\"><\/p> <ul><\/ul><\/div>\n<form action=\"\/de\/wp-json\/wp\/v2\/pages\/1939#wpcf7-f2075-o1\" method=\"post\" class=\"wpcf7-form init\" aria-label=\"Kontaktformular\" novalidate=\"novalidate\" data-status=\"init\">\n<div style=\"display: none;\">\n<input type=\"hidden\" name=\"_wpcf7\" value=\"2075\" \/>\n<input type=\"hidden\" name=\"_wpcf7_version\" value=\"6.0.6\" \/>\n<input type=\"hidden\" name=\"_wpcf7_locale\" value=\"de_DE\" \/>\n<input type=\"hidden\" name=\"_wpcf7_unit_tag\" value=\"wpcf7-f2075-o1\" \/>\n<input type=\"hidden\" name=\"_wpcf7_container_post\" value=\"0\" \/>\n<input type=\"hidden\" name=\"_wpcf7_posted_data_hash\" value=\"\" \/>\n<\/div>\n<p><label> {Ihr Name}<br \/>\n<span class=\"wpcf7-form-control-wrap\" data-name=\"your-name\"><input size=\"40\" maxlength=\"400\" class=\"wpcf7-form-control wpcf7-text wpcf7-validates-as-required\" autocomplete=\"name\" aria-required=\"true\" aria-invalid=\"false\" value=\"\" type=\"text\" name=\"your-name\" \/><\/span> <\/label>\n<\/p>\n<p><label> {Ihre E-Mail}<br \/>\n<span class=\"wpcf7-form-control-wrap\" data-name=\"your-email\"><input size=\"40\" maxlength=\"400\" class=\"wpcf7-form-control wpcf7-email wpcf7-validates-as-required wpcf7-text wpcf7-validates-as-email\" autocomplete=\"email\" aria-required=\"true\" aria-invalid=\"false\" value=\"\" type=\"email\" name=\"your-email\" \/><\/span> <\/label>\n<\/p>\n<p><label> {Ihre Nachricht}<br \/>\n<span class=\"wpcf7-form-control-wrap\" data-name=\"your-message\"><textarea cols=\"40\" rows=\"3\" maxlength=\"2000\" class=\"wpcf7-form-control wpcf7-textarea wpcf7-validates-as-required\" aria-required=\"true\" aria-invalid=\"false\" name=\"your-message\"><\/textarea><\/span> <\/label>\n<\/p>\n<p><input class=\"wpcf7-form-control wpcf7-submit has-spinner\" type=\"submit\" value=\"{Odeslat}\" \/>\n<\/p><div class=\"wpcf7-response-output\" aria-hidden=\"true\"><\/div>\n<\/form>\n<\/div>\n<\/div>\n\t\t\t\t\t\t<\/div>\n\t\t\t\t<\/div>\n\t\t\t\t\t<\/div>\n\t\t<\/div>\n\t\t\t\t\t<\/div>\n\t\t<\/section>\n\t\t\t\t\t<\/div>\n\t\t<\/div>\n\t\t\t\t\t<\/div>\n\t\t<\/section>\n\t\t\t\t<\/div>\n\t\t","protected":false},"excerpt":{"rendered":"<p>Bau von Sicherheitsr\u00e4umen Es handelt sich dabei um spezielle R\u00e4ume, so genannte Panikr\u00e4ume, die zur Aufbewahrung wertvoller G\u00fcter oder zum effektiven Schutz von Personen im Falle einer physischen Bedrohung genutzt werden. Dazu k\u00f6nnen Raub\u00fcberf\u00e4lle, Terroranschl\u00e4ge oder sogar Entf\u00fchrungen geh\u00f6ren. Es handelt sich um eine immer beliebtere L\u00f6sung, die das Sicherheitsgef\u00fchl aller Mitglieder des Haushalts erh\u00f6ht. [&hellip;]<\/p>\n","protected":false},"author":1,"featured_media":0,"parent":1950,"menu_order":0,"comment_status":"closed","ping_status":"closed","template":"","meta":{"inline_featured_image":false,"slim_seo":{"title":"Bau von Sicherheitsr\u00e4umen - N\u00e1\u0161 \u00fakryt","description":"Bau von Sicherheitsr\u00e4umen Es handelt sich dabei um spezielle R\u00e4ume, so genannte Panikr\u00e4ume, die zur Aufbewahrung wertvoller G\u00fcter oder zum effektiven Schutz von"},"footnotes":""},"class_list":["post-1939","page","type-page","status-publish","hentry"],"_links":{"self":[{"href":"https:\/\/nasukryt.cz\/de\/wp-json\/wp\/v2\/pages\/1939","targetHints":{"allow":["GET"]}}],"collection":[{"href":"https:\/\/nasukryt.cz\/de\/wp-json\/wp\/v2\/pages"}],"about":[{"href":"https:\/\/nasukryt.cz\/de\/wp-json\/wp\/v2\/types\/page"}],"author":[{"embeddable":true,"href":"https:\/\/nasukryt.cz\/de\/wp-json\/wp\/v2\/users\/1"}],"replies":[{"embeddable":true,"href":"https:\/\/nasukryt.cz\/de\/wp-json\/wp\/v2\/comments?post=1939"}],"version-history":[{"count":1,"href":"https:\/\/nasukryt.cz\/de\/wp-json\/wp\/v2\/pages\/1939\/revisions"}],"predecessor-version":[{"id":1944,"href":"https:\/\/nasukryt.cz\/de\/wp-json\/wp\/v2\/pages\/1939\/revisions\/1944"}],"up":[{"embeddable":true,"href":"https:\/\/nasukryt.cz\/de\/wp-json\/wp\/v2\/pages\/1950"}],"wp:attachment":[{"href":"https:\/\/nasukryt.cz\/de\/wp-json\/wp\/v2\/media?parent=1939"}],"curies":[{"name":"wp","href":"https:\/\/api.w.org\/{rel}","templated":true}]}}